{"id":134,"date":"2026-03-10T07:56:21","date_gmt":"2026-03-10T07:56:21","guid":{"rendered":"https:\/\/www.pod-skalco-bohinj.com\/?page_id=134"},"modified":"2026-04-16T09:23:21","modified_gmt":"2026-04-16T09:23:21","slug":"location","status":"publish","type":"page","link":"https:\/\/www.pod-skalco-bohinj.com\/en\/lokacija\/","title":{"rendered":"Location"},"content":{"rendered":"<div data-elementor-type=\"wp-page\" data-elementor-id=\"134\" class=\"elementor elementor-134\" data-elementor-post-type=\"page\">\n\t\t\t\t<div class=\"elementor-element elementor-element-1b8295d1 e-flex e-con-boxed e-con e-parent\" data-id=\"1b8295d1\" data-element_type=\"container\" data-e-type=\"container\" data-settings=\"{&quot;background_background&quot;:&quot;classic&quot;}\">\n\t\t\t\t\t<div class=\"e-con-inner\">\n\t\t\t\t<div class=\"elementor-element elementor-element-50f8a0df elementor-widget elementor-widget-elementskit-heading\" data-id=\"50f8a0df\" data-element_type=\"widget\" data-e-type=\"widget\" data-widget_type=\"elementskit-heading.default\">\n\t\t\t\t\t<div class=\"ekit-wid-con\" ><div class=\"ekit-heading elementskit-section-title-wraper text_center   ekit_heading_tablet-text_center   ekit_heading_mobile-\"><h1 class=\"ekit-heading--title elementskit-section-title\">Location<\/h1><\/div><\/div>\t\t\t\t<\/div>\n\t\t\t\t<div class=\"elementor-element elementor-element-6cd57ad3 elementor-widget elementor-widget-text-editor\" data-id=\"6cd57ad3\" data-element_type=\"widget\" data-e-type=\"widget\" data-widget_type=\"text-editor.default\">\n\t\t\t\t\t\t\t\t\t<p>Home \/ <a href=\"#\">Location<\/a><\/p>\t\t\t\t\t\t\t\t<\/div>\n\t\t\t\t\t<\/div>\n\t\t\t\t<\/div>\n\t\t<div class=\"elementor-element elementor-element-402348f7 e-flex e-con-boxed e-con e-parent\" data-id=\"402348f7\" data-element_type=\"container\" data-e-type=\"container\">\n\t\t\t\t\t<div class=\"e-con-inner\">\n\t\t<div class=\"elementor-element elementor-element-704bdb14 e-con-full e-flex e-con e-child\" data-id=\"704bdb14\" data-element_type=\"container\" data-e-type=\"container\">\n\t\t\t\t<div class=\"elementor-element elementor-element-25b56be elementor-widget elementor-widget-image\" data-id=\"25b56be\" data-element_type=\"widget\" data-e-type=\"widget\" data-widget_type=\"image.default\">\n\t\t\t\t\t\t\t\t\t\t\t\t\t\t\t<img fetchpriority=\"high\" decoding=\"async\" width=\"2560\" height=\"1440\" src=\"https:\/\/www.pod-skalco-bohinj.com\/wp-content\/uploads\/2026\/03\/gallery_0002-1-scaled.jpg\" class=\"attachment-full size-full wp-image-99\" alt=\"\" srcset=\"https:\/\/www.pod-skalco-bohinj.com\/wp-content\/uploads\/2026\/03\/gallery_0002-1-scaled.jpg 2560w, https:\/\/www.pod-skalco-bohinj.com\/wp-content\/uploads\/2026\/03\/gallery_0002-1-300x169.jpg 300w, https:\/\/www.pod-skalco-bohinj.com\/wp-content\/uploads\/2026\/03\/gallery_0002-1-1024x576.jpg 1024w, https:\/\/www.pod-skalco-bohinj.com\/wp-content\/uploads\/2026\/03\/gallery_0002-1-768x432.jpg 768w, https:\/\/www.pod-skalco-bohinj.com\/wp-content\/uploads\/2026\/03\/gallery_0002-1-1536x864.jpg 1536w, https:\/\/www.pod-skalco-bohinj.com\/wp-content\/uploads\/2026\/03\/gallery_0002-1-2048x1152.jpg 2048w\" sizes=\"(max-width: 2560px) 100vw, 2560px\" \/>\t\t\t\t\t\t\t\t\t\t\t\t\t\t\t<\/div>\n\t\t\t\t<\/div>\n\t\t<div class=\"elementor-element elementor-element-1539dfa9 e-con-full e-flex e-con e-child\" data-id=\"1539dfa9\" data-element_type=\"container\" data-e-type=\"container\">\n\t\t\t\t<div class=\"elementor-element elementor-element-f426c78 elementor-widget elementor-widget-heading\" data-id=\"f426c78\" data-element_type=\"widget\" data-e-type=\"widget\" data-widget_type=\"heading.default\">\n\t\t\t\t\t<h2 class=\"elementor-heading-title elementor-size-default\">Location Pod Skalco in Bohinj <\/h2>\t\t\t\t<\/div>\n\t\t\t\t<div class=\"elementor-element elementor-element-c3679ea elementor-widget elementor-widget-text-editor\" data-id=\"c3679ea\" data-element_type=\"widget\" data-e-type=\"widget\" data-widget_type=\"text-editor.default\">\n\t\t\t\t\t\t\t\t\t<p><span lang=\"SL\">Pod Skalco is located in Rib\u010devem Laz, next to Lake Bohinj. Its location in the heart of Bohinj makes it a popular starting point for visitors who want to explore the natural beauty of Bohinj or stop for a break by the lake. The Church of St. John the Baptist on Lake Bohinj, one of Bohinj's most recognisable landmarks, is also nearby.<\/span><\/p><p><span lang=\"SL\">The Pod Skalco restaurant and the Pod Brezo snack bar are located in the immediate vicinity, where visitors can enjoy the pleasant ambience and views of Lake Bohinj offered by the restaurant and snack bar.<\/span><\/p>\t\t\t\t\t\t\t\t<\/div>\n\t\t\t\t<\/div>\n\t\t\t\t\t<\/div>\n\t\t\t\t<\/div>\n\t\t<div class=\"elementor-element elementor-element-76507de8 e-flex e-con-boxed e-con e-parent\" data-id=\"76507de8\" data-element_type=\"container\" data-e-type=\"container\">\n\t\t\t\t\t<div class=\"e-con-inner\">\n\t\t<div class=\"elementor-element elementor-element-7b3151a5 e-con-full e-flex e-con e-child\" data-id=\"7b3151a5\" data-element_type=\"container\" data-e-type=\"container\">\n\t\t\t\t<div class=\"elementor-element elementor-element-28abe4b2 elementor-widget elementor-widget-heading\" data-id=\"28abe4b2\" data-element_type=\"widget\" data-e-type=\"widget\" data-widget_type=\"heading.default\">\n\t\t\t\t\t<h3 class=\"elementor-heading-title elementor-size-default\">How to reach us?<\/h3>\t\t\t\t<\/div>\n\t\t\t\t<div class=\"elementor-element elementor-element-46f89171 elementor-widget elementor-widget-text-editor\" data-id=\"46f89171\" data-element_type=\"widget\" data-e-type=\"widget\" data-widget_type=\"text-editor.default\">\n\t\t\t\t\t\t\t\t\t<p>Pod Skalco is located in Rib\u010dev Laz. Access is easy by car, on foot or by bike, as the Lake Bohinj area is well connected to local roads and walking trails.<\/p><p>You can also see the exact location on the interactive map.\u00a0<\/p><p>When visiting Pod Skalco, there is also a car park near Lake Bohinj and Rib\u010dev L\u00e1zn\u011b, where visitors can easily park and then walk <strong>( 50-100m )<\/strong> go to the Pod Skalco restaurant or the Pod Brezo snack bar. Due to the popularity of the Lake Bohinj area, we recommend planning your arrival a little earlier during the main tourist season.<\/p>\t\t\t\t\t\t\t\t<\/div>\n\t\t\t\t<\/div>\n\t\t<div class=\"elementor-element elementor-element-6b8e9e74 e-con-full e-flex e-con e-child\" data-id=\"6b8e9e74\" data-element_type=\"container\" data-e-type=\"container\">\n\t\t\t\t<div class=\"elementor-element elementor-element-5ea09fdf elementor-widget elementor-widget-google_maps\" data-id=\"5ea09fdf\" data-element_type=\"widget\" data-e-type=\"widget\" data-widget_type=\"google_maps.default\">\n\t\t\t\t\t\t\t<div class=\"elementor-custom-embed\">\n\t\t\t<iframe loading=\"lazy\"\n\t\t\t\t\tsrc=\"https:\/\/maps.google.com\/maps?q=pod%20skalco%20bohinj&#038;t=m&#038;z=14&#038;output=embed&#038;iwloc=near\"\n\t\t\t\t\ttitle=\"under the rock bohinj\"\n\t\t\t\t\taria-label=\"under the rock bohinj\"\n\t\t\t><\/iframe>\n\t\t<\/div>\n\t\t\t\t\t\t<\/div>\n\t\t\t\t<\/div>\n\t\t\t\t\t<\/div>\n\t\t\t\t<\/div>\n\t\t<div class=\"elementor-element elementor-element-b25bed6 e-flex e-con-boxed e-con e-parent\" data-id=\"b25bed6\" data-element_type=\"container\" data-e-type=\"container\">\n\t\t\t\t\t<div class=\"e-con-inner\">\n\t\t<div class=\"elementor-element elementor-element-22a5acd8 e-con-full e-flex e-con e-child\" data-id=\"22a5acd8\" data-element_type=\"container\" data-e-type=\"container\">\n\t\t\t\t<div class=\"elementor-element elementor-element-d39527e elementor-widget elementor-widget-image\" data-id=\"d39527e\" data-element_type=\"widget\" data-e-type=\"widget\" data-widget_type=\"image.default\">\n\t\t\t\t\t\t\t\t\t\t\t\t\t\t\t<img decoding=\"async\" width=\"1600\" height=\"1709\" src=\"https:\/\/www.pod-skalco-bohinj.com\/wp-content\/uploads\/2026\/03\/boat-on-bohinj-lake-in-an-autumn-landscape-2026-03-09-03-25-26-utc-1-scaled-e1773129850360.jpg\" class=\"attachment-full size-full wp-image-138\" alt=\"\" srcset=\"https:\/\/www.pod-skalco-bohinj.com\/wp-content\/uploads\/2026\/03\/boat-on-bohinj-lake-in-an-autumn-landscape-2026-03-09-03-25-26-utc-1-scaled-e1773129850360.jpg 1600w, https:\/\/www.pod-skalco-bohinj.com\/wp-content\/uploads\/2026\/03\/boat-on-bohinj-lake-in-an-autumn-landscape-2026-03-09-03-25-26-utc-1-scaled-e1773129850360-281x300.jpg 281w, https:\/\/www.pod-skalco-bohinj.com\/wp-content\/uploads\/2026\/03\/boat-on-bohinj-lake-in-an-autumn-landscape-2026-03-09-03-25-26-utc-1-scaled-e1773129850360-959x1024.jpg 959w, https:\/\/www.pod-skalco-bohinj.com\/wp-content\/uploads\/2026\/03\/boat-on-bohinj-lake-in-an-autumn-landscape-2026-03-09-03-25-26-utc-1-scaled-e1773129850360-768x820.jpg 768w, https:\/\/www.pod-skalco-bohinj.com\/wp-content\/uploads\/2026\/03\/boat-on-bohinj-lake-in-an-autumn-landscape-2026-03-09-03-25-26-utc-1-scaled-e1773129850360-1438x1536.jpg 1438w\" sizes=\"(max-width: 1600px) 100vw, 1600px\" \/>\t\t\t\t\t\t\t\t\t\t\t\t\t\t\t<\/div>\n\t\t\t\t<\/div>\n\t\t<div class=\"elementor-element elementor-element-4c108c4e e-con-full e-flex e-con e-child\" data-id=\"4c108c4e\" data-element_type=\"container\" data-e-type=\"container\">\n\t\t\t\t<div class=\"elementor-element elementor-element-37397c6f elementor-widget elementor-widget-heading\" data-id=\"37397c6f\" data-element_type=\"widget\" data-e-type=\"widget\" data-widget_type=\"heading.default\">\n\t\t\t\t\t<p class=\"elementor-heading-title elementor-size-default\">Distance<\/p>\t\t\t\t<\/div>\n\t\t\t\t<div class=\"elementor-element elementor-element-6b1650 elementor-widget elementor-widget-heading\" data-id=\"6b1650\" data-element_type=\"widget\" data-e-type=\"widget\" data-widget_type=\"heading.default\">\n\t\t\t\t\t<h2 class=\"elementor-heading-title elementor-size-default\">Distance from major towns <\/h2>\t\t\t\t<\/div>\n\t\t\t\t<div class=\"elementor-element elementor-element-19fdf285 elementor-widget elementor-widget-text-editor\" data-id=\"19fdf285\" data-element_type=\"widget\" data-e-type=\"widget\" data-widget_type=\"text-editor.default\">\n\t\t\t\t\t\t\t\t\t<p>Rib\u010dev Laz and Pod Skalco are easily accessible from various places in Slovenia and nearby countries.<\/p><p>Distance from some places:<\/p><ul><li>Bled - 25 km<\/li><li>Jesenice - 35 km<\/li><li>Kranj - 50 km<\/li><li>Ljubljana - 75 km<\/li><li>Maribor - 185 km<\/li><li>Trieste - 178 km<\/li><li>Zagreb - 225 km<\/li><li>Bialystok (Villach) - 80 km<\/li><li>Munich - 390 km<\/li><\/ul>\t\t\t\t\t\t\t\t<\/div>\n\t\t\t\t<\/div>\n\t\t\t\t\t<\/div>\n\t\t\t\t<\/div>\n\t\t<div class=\"elementor-element elementor-element-538a453d e-con-full e-flex e-con e-parent\" data-id=\"538a453d\" data-element_type=\"container\" data-e-type=\"container\">\n\t\t<div class=\"elementor-element elementor-element-7efa3f8f e-con-full e-flex e-con e-child\" data-id=\"7efa3f8f\" data-element_type=\"container\" data-e-type=\"container\" data-settings=\"{&quot;background_background&quot;:&quot;classic&quot;}\">\n\t\t\t\t<div class=\"elementor-element elementor-element-51ace256 elementor-widget elementor-widget-heading\" data-id=\"51ace256\" data-element_type=\"widget\" data-e-type=\"widget\" data-widget_type=\"heading.default\">\n\t\t\t\t\t<div class=\"elementor-heading-title elementor-size-default\">WE LOOK FORWARD TO WELCOMING YOU!<\/div>\t\t\t\t<\/div>\n\t\t\t\t<div class=\"elementor-element elementor-element-5fc1744a elementor-widget elementor-widget-heading\" data-id=\"5fc1744a\" data-element_type=\"widget\" data-e-type=\"widget\" data-widget_type=\"heading.default\">\n\t\t\t\t\t<h2 class=\"elementor-heading-title elementor-size-default\">Visit us at Lake Bohinj <\/h2>\t\t\t\t<\/div>\n\t\t\t\t<div class=\"elementor-element elementor-element-58f89d39 elementor-widget elementor-widget-text-editor\" data-id=\"58f89d39\" data-element_type=\"widget\" data-e-type=\"widget\" data-widget_type=\"text-editor.default\">\n\t\t\t\t\t\t\t\t\t<p>Pod Skalco in Rib\u010devem Laz offers an excellent base for visiting Bohinj. After a walk along Lake Bohinj or exploring the surrounding sights, you can stop at the Pod Skalco Guesthouse or the Pod Brezo snack bar and enjoy the pleasant atmosphere by the lake.<\/p>\t\t\t\t\t\t\t\t<\/div>\n\t\t\t\t<div class=\"elementor-element elementor-element-670f6d60 elementor-align-center elementor-widget elementor-widget-button\" data-id=\"670f6d60\" data-element_type=\"widget\" data-e-type=\"widget\" data-widget_type=\"button.default\">\n\t\t\t\t\t\t\t\t\t\t<a class=\"elementor-button elementor-button-link elementor-size-lg elementor-animation-shrink\" href=\"#\">\n\t\t\t\t\t\t<span class=\"elementor-button-content-wrapper\">\n\t\t\t\t\t\t\t\t\t<span class=\"elementor-button-text\">Contact<\/span>\n\t\t\t\t\t<\/span>\n\t\t\t\t\t<\/a>\n\t\t\t\t\t\t\t\t<\/div>\n\t\t\t\t<\/div>\n\t\t\t\t<\/div>\n\t\t\t\t<\/div>","protected":false},"excerpt":{"rendered":"<p>Lokacija Domov \/ Lokacija Lokacija Pod Skalco v Bohinju Lokacija Pod Skalco se nahaja v Rib\u010devem Lazu, tik ob Bohinjskem jezeru. Zaradi svoje lege v osr\u010dju Bohinja je to priljubljena izhodi\u0161\u010dna to\u010dka za obiskovalce, ki \u017eelijo raziskovati naravne lepote Bohinja ali se ustaviti na oddihu ob jezeru. V neposredni bli\u017eini se nahaja tudi cerkev sv. [&hellip;]<\/p>\n","protected":false},"author":1,"featured_media":0,"parent":0,"menu_order":0,"comment_status":"closed","ping_status":"closed","template":"","meta":{"footnotes":""},"class_list":["post-134","page","type-page","status-publish","hentry"],"yoast_head":"<!-- This site is optimized with the Yoast SEO plugin v27.2 - https:\/\/yoast.com\/product\/yoast-seo-wordpress\/ -->\n<title>Lokacija | Pod Skalco Bohinj, Rib\u010dev Laz<\/title>\n<meta name=\"description\" content=\"Lokacija Pod Skalco v Rib\u010devem Lazu ob Bohinjskem jezeru. Preverite dostop, parkiri\u0161\u010de, oddaljenosti in u\u017eivajte v razgledu ter ambientu.\" \/>\n<meta name=\"robots\" content=\"index, follow, max-snippet:-1, max-image-preview:large, max-video-preview:-1\" \/>\n<link rel=\"canonical\" href=\"https:\/\/www.pod-skalco-bohinj.com\/en\/location\/\" \/>\n<meta property=\"og:locale\" content=\"en_US\" \/>\n<meta property=\"og:type\" content=\"article\" \/>\n<meta property=\"og:title\" content=\"Lokacija | Pod Skalco Bohinj, Rib\u010dev Laz\" \/>\n<meta property=\"og:description\" content=\"Lokacija Pod Skalco v Rib\u010devem Lazu ob Bohinjskem jezeru. Preverite dostop, parkiri\u0161\u010de, oddaljenosti in u\u017eivajte v razgledu ter ambientu.\" \/>\n<meta property=\"og:url\" content=\"https:\/\/www.pod-skalco-bohinj.com\/en\/location\/\" \/>\n<meta property=\"og:site_name\" content=\"Pod Skalco - Bohinjsko jezero, Rib\u010dev Laz\" \/>\n<meta property=\"article:modified_time\" content=\"2026-04-16T09:23:21+00:00\" \/>\n<meta property=\"og:image\" content=\"https:\/\/www.pod-skalco-bohinj.com\/wp-content\/uploads\/2026\/03\/gallery_0002-1-scaled.jpg\" \/>\n\t<meta property=\"og:image:width\" content=\"2560\" \/>\n\t<meta property=\"og:image:height\" content=\"1440\" \/>\n\t<meta property=\"og:image:type\" content=\"image\/jpeg\" \/>\n<meta name=\"twitter:card\" content=\"summary_large_image\" \/>\n<meta name=\"twitter:label1\" content=\"Est. reading time\" \/>\n\t<meta name=\"twitter:data1\" content=\"2 minutes\" \/>\n<script type=\"application\/ld+json\" class=\"yoast-schema-graph\">{\"@context\":\"https:\/\/schema.org\",\"@graph\":[{\"@type\":\"WebPage\",\"@id\":\"https:\/\/www.pod-skalco-bohinj.com\/lokacija\/\",\"url\":\"https:\/\/www.pod-skalco-bohinj.com\/lokacija\/\",\"name\":\"Lokacija | Pod Skalco Bohinj, Rib\u010dev Laz\",\"isPartOf\":{\"@id\":\"https:\/\/www.pod-skalco-bohinj.com\/#website\"},\"primaryImageOfPage\":{\"@id\":\"https:\/\/www.pod-skalco-bohinj.com\/lokacija\/#primaryimage\"},\"image\":{\"@id\":\"https:\/\/www.pod-skalco-bohinj.com\/lokacija\/#primaryimage\"},\"thumbnailUrl\":\"https:\/\/www.pod-skalco-bohinj.com\/wp-content\/uploads\/2026\/03\/gallery_0002-1-scaled.jpg\",\"datePublished\":\"2026-03-10T07:56:21+00:00\",\"dateModified\":\"2026-04-16T09:23:21+00:00\",\"description\":\"Lokacija Pod Skalco v Rib\u010devem Lazu ob Bohinjskem jezeru. Preverite dostop, parkiri\u0161\u010de, oddaljenosti in u\u017eivajte v razgledu ter ambientu.\",\"breadcrumb\":{\"@id\":\"https:\/\/www.pod-skalco-bohinj.com\/lokacija\/#breadcrumb\"},\"inLanguage\":\"en-US\",\"potentialAction\":[{\"@type\":\"ReadAction\",\"target\":[\"https:\/\/www.pod-skalco-bohinj.com\/lokacija\/\"]}]},{\"@type\":\"ImageObject\",\"inLanguage\":\"en-US\",\"@id\":\"https:\/\/www.pod-skalco-bohinj.com\/lokacija\/#primaryimage\",\"url\":\"https:\/\/www.pod-skalco-bohinj.com\/wp-content\/uploads\/2026\/03\/gallery_0002-1-scaled.jpg\",\"contentUrl\":\"https:\/\/www.pod-skalco-bohinj.com\/wp-content\/uploads\/2026\/03\/gallery_0002-1-scaled.jpg\"},{\"@type\":\"BreadcrumbList\",\"@id\":\"https:\/\/www.pod-skalco-bohinj.com\/lokacija\/#breadcrumb\",\"itemListElement\":[{\"@type\":\"ListItem\",\"position\":1,\"name\":\"Home\",\"item\":\"https:\/\/www.pod-skalco-bohinj.com\/\"},{\"@type\":\"ListItem\",\"position\":2,\"name\":\"Lokacija\"}]},{\"@type\":\"WebSite\",\"@id\":\"https:\/\/www.pod-skalco-bohinj.com\/#website\",\"url\":\"https:\/\/www.pod-skalco-bohinj.com\/\",\"name\":\"Pod Skalco - Bohinjsko jezero, Rib\u010dev Laz\",\"description\":\"Gosti\u0161\u010de Pod Skalco | Snack bar Pod Brezo | Plezalna stena Pod Skalco\",\"publisher\":{\"@id\":\"https:\/\/www.pod-skalco-bohinj.com\/#organization\"},\"potentialAction\":[{\"@type\":\"SearchAction\",\"target\":{\"@type\":\"EntryPoint\",\"urlTemplate\":\"https:\/\/www.pod-skalco-bohinj.com\/?s={search_term_string}\"},\"query-input\":{\"@type\":\"PropertyValueSpecification\",\"valueRequired\":true,\"valueName\":\"search_term_string\"}}],\"inLanguage\":\"en-US\"},{\"@type\":\"Organization\",\"@id\":\"https:\/\/www.pod-skalco-bohinj.com\/#organization\",\"name\":\"Pod Skalco - Bohinjsko jezero, Rib\u010dev Laz\",\"url\":\"https:\/\/www.pod-skalco-bohinj.com\/\",\"logo\":{\"@type\":\"ImageObject\",\"inLanguage\":\"en-US\",\"@id\":\"https:\/\/www.pod-skalco-bohinj.com\/#\/schema\/logo\/image\/\",\"url\":\"https:\/\/www.pod-skalco-bohinj.com\/wp-content\/uploads\/2026\/03\/cropped-LOGO-SKALCA-BREZA-2022_page-0001.png\",\"contentUrl\":\"https:\/\/www.pod-skalco-bohinj.com\/wp-content\/uploads\/2026\/03\/cropped-LOGO-SKALCA-BREZA-2022_page-0001.png\",\"width\":512,\"height\":512,\"caption\":\"Pod Skalco - Bohinjsko jezero, Rib\u010dev Laz\"},\"image\":{\"@id\":\"https:\/\/www.pod-skalco-bohinj.com\/#\/schema\/logo\/image\/\"}}]}<\/script>\n<!-- \/ Yoast SEO plugin. -->","yoast_head_json":{"title":"Location | Pod Skalco Bohinj, Rib\u010dev Laz","description":"Location Pod Skalco in Rib\u010devem Laz, on Lake Bohinj. Check access, parking, distances and enjoy the view and ambience.","robots":{"index":"index","follow":"follow","max-snippet":"max-snippet:-1","max-image-preview":"max-image-preview:large","max-video-preview":"max-video-preview:-1"},"canonical":"https:\/\/www.pod-skalco-bohinj.com\/en\/location\/","og_locale":"en_US","og_type":"article","og_title":"Lokacija | Pod Skalco Bohinj, Rib\u010dev Laz","og_description":"Lokacija Pod Skalco v Rib\u010devem Lazu ob Bohinjskem jezeru. Preverite dostop, parkiri\u0161\u010de, oddaljenosti in u\u017eivajte v razgledu ter ambientu.","og_url":"https:\/\/www.pod-skalco-bohinj.com\/en\/location\/","og_site_name":"Pod Skalco - Bohinjsko jezero, Rib\u010dev Laz","article_modified_time":"2026-04-16T09:23:21+00:00","og_image":[{"width":2560,"height":1440,"url":"https:\/\/www.pod-skalco-bohinj.com\/wp-content\/uploads\/2026\/03\/gallery_0002-1-scaled.jpg","type":"image\/jpeg"}],"twitter_card":"summary_large_image","twitter_misc":{"Est. reading time":"2 minutes"},"schema":{"@context":"https:\/\/schema.org","@graph":[{"@type":"WebPage","@id":"https:\/\/www.pod-skalco-bohinj.com\/lokacija\/","url":"https:\/\/www.pod-skalco-bohinj.com\/lokacija\/","name":"Location | Pod Skalco Bohinj, Rib\u010dev Laz","isPartOf":{"@id":"https:\/\/www.pod-skalco-bohinj.com\/#website"},"primaryImageOfPage":{"@id":"https:\/\/www.pod-skalco-bohinj.com\/lokacija\/#primaryimage"},"image":{"@id":"https:\/\/www.pod-skalco-bohinj.com\/lokacija\/#primaryimage"},"thumbnailUrl":"https:\/\/www.pod-skalco-bohinj.com\/wp-content\/uploads\/2026\/03\/gallery_0002-1-scaled.jpg","datePublished":"2026-03-10T07:56:21+00:00","dateModified":"2026-04-16T09:23:21+00:00","description":"Location Pod Skalco in Rib\u010devem Laz, on Lake Bohinj. Check access, parking, distances and enjoy the view and ambience.","breadcrumb":{"@id":"https:\/\/www.pod-skalco-bohinj.com\/lokacija\/#breadcrumb"},"inLanguage":"en-US","potentialAction":[{"@type":"ReadAction","target":["https:\/\/www.pod-skalco-bohinj.com\/lokacija\/"]}]},{"@type":"ImageObject","inLanguage":"en-US","@id":"https:\/\/www.pod-skalco-bohinj.com\/lokacija\/#primaryimage","url":"https:\/\/www.pod-skalco-bohinj.com\/wp-content\/uploads\/2026\/03\/gallery_0002-1-scaled.jpg","contentUrl":"https:\/\/www.pod-skalco-bohinj.com\/wp-content\/uploads\/2026\/03\/gallery_0002-1-scaled.jpg"},{"@type":"BreadcrumbList","@id":"https:\/\/www.pod-skalco-bohinj.com\/lokacija\/#breadcrumb","itemListElement":[{"@type":"ListItem","position":1,"name":"Home","item":"https:\/\/www.pod-skalco-bohinj.com\/"},{"@type":"ListItem","position":2,"name":"Lokacija"}]},{"@type":"WebSite","@id":"https:\/\/www.pod-skalco-bohinj.com\/#website","url":"https:\/\/www.pod-skalco-bohinj.com\/","name":"Pod Skalco - Lake Bohinj, Rib\u010dev Laz","description":"Pod Skalco Guesthouse | Snack bar Pod Brezo | Climbing wall Pod Skalco","publisher":{"@id":"https:\/\/www.pod-skalco-bohinj.com\/#organization"},"potentialAction":[{"@type":"SearchAction","target":{"@type":"EntryPoint","urlTemplate":"https:\/\/www.pod-skalco-bohinj.com\/?s={search_term_string}"},"query-input":{"@type":"PropertyValueSpecification","valueRequired":true,"valueName":"search_term_string"}}],"inLanguage":"en-US"},{"@type":"Organization","@id":"https:\/\/www.pod-skalco-bohinj.com\/#organization","name":"Pod Skalco - Lake Bohinj, Rib\u010dev Laz","url":"https:\/\/www.pod-skalco-bohinj.com\/","logo":{"@type":"ImageObject","inLanguage":"en-US","@id":"https:\/\/www.pod-skalco-bohinj.com\/#\/schema\/logo\/image\/","url":"https:\/\/www.pod-skalco-bohinj.com\/wp-content\/uploads\/2026\/03\/cropped-LOGO-SKALCA-BREZA-2022_page-0001.png","contentUrl":"https:\/\/www.pod-skalco-bohinj.com\/wp-content\/uploads\/2026\/03\/cropped-LOGO-SKALCA-BREZA-2022_page-0001.png","width":512,"height":512,"caption":"Pod Skalco - Bohinjsko jezero, Rib\u010dev Laz"},"image":{"@id":"https:\/\/www.pod-skalco-bohinj.com\/#\/schema\/logo\/image\/"}}]}},"_links":{"self":[{"href":"https:\/\/www.pod-skalco-bohinj.com\/en\/wp-json\/wp\/v2\/pages\/134","targetHints":{"allow":["GET"]}}],"collection":[{"href":"https:\/\/www.pod-skalco-bohinj.com\/en\/wp-json\/wp\/v2\/pages"}],"about":[{"href":"https:\/\/www.pod-skalco-bohinj.com\/en\/wp-json\/wp\/v2\/types\/page"}],"author":[{"embeddable":true,"href":"https:\/\/www.pod-skalco-bohinj.com\/en\/wp-json\/wp\/v2\/users\/1"}],"replies":[{"embeddable":true,"href":"https:\/\/www.pod-skalco-bohinj.com\/en\/wp-json\/wp\/v2\/comments?post=134"}],"version-history":[{"count":13,"href":"https:\/\/www.pod-skalco-bohinj.com\/en\/wp-json\/wp\/v2\/pages\/134\/revisions"}],"predecessor-version":[{"id":211,"href":"https:\/\/www.pod-skalco-bohinj.com\/en\/wp-json\/wp\/v2\/pages\/134\/revisions\/211"}],"wp:attachment":[{"href":"https:\/\/www.pod-skalco-bohinj.com\/en\/wp-json\/wp\/v2\/media?parent=134"}],"curies":[{"name":"wp","href":"https:\/\/api.w.org\/{rel}","templated":true}]}}