{"id":169,"date":"2026-03-31T07:02:22","date_gmt":"2026-03-31T07:02:22","guid":{"rendered":"https:\/\/www.pod-skalco-bohinj.com\/?page_id=169"},"modified":"2026-04-16T09:23:07","modified_gmt":"2026-04-16T09:23:07","slug":"offer","status":"publish","type":"page","link":"https:\/\/www.pod-skalco-bohinj.com\/en\/ponudba\/","title":{"rendered":"Offer"},"content":{"rendered":"<div data-elementor-type=\"wp-page\" data-elementor-id=\"169\" class=\"elementor elementor-169\" data-elementor-post-type=\"page\">\n\t\t\t\t<div class=\"elementor-element elementor-element-1b8295d1 e-flex e-con-boxed e-con e-parent\" data-id=\"1b8295d1\" data-element_type=\"container\" data-e-type=\"container\" data-settings=\"{&quot;background_background&quot;:&quot;classic&quot;}\">\n\t\t\t\t\t<div class=\"e-con-inner\">\n\t\t\t\t<div class=\"elementor-element elementor-element-50f8a0df elementor-widget elementor-widget-elementskit-heading\" data-id=\"50f8a0df\" data-element_type=\"widget\" data-e-type=\"widget\" data-widget_type=\"elementskit-heading.default\">\n\t\t\t\t\t<div class=\"ekit-wid-con\" ><div class=\"ekit-heading elementskit-section-title-wraper text_center   ekit_heading_tablet-text_center   ekit_heading_mobile-\"><h1 class=\"ekit-heading--title elementskit-section-title\">Offer Pod Skalco in Bohinj <\/h1><\/div><\/div>\t\t\t\t<\/div>\n\t\t\t\t<div class=\"elementor-element elementor-element-6cd57ad3 elementor-widget elementor-widget-text-editor\" data-id=\"6cd57ad3\" data-element_type=\"widget\" data-e-type=\"widget\" data-widget_type=\"text-editor.default\">\n\t\t\t\t\t\t\t\t\t<p>Home \/ <a href=\"#\">Offer<\/a><\/p>\t\t\t\t\t\t\t\t<\/div>\n\t\t\t\t\t<\/div>\n\t\t\t\t<\/div>\n\t\t<div class=\"elementor-element elementor-element-402348f7 e-flex e-con-boxed e-con e-parent\" data-id=\"402348f7\" data-element_type=\"container\" data-e-type=\"container\">\n\t\t\t\t\t<div class=\"e-con-inner\">\n\t\t<div class=\"elementor-element elementor-element-704bdb14 e-con-full e-flex e-con e-child\" data-id=\"704bdb14\" data-element_type=\"container\" data-e-type=\"container\">\n\t\t\t\t<div class=\"elementor-element elementor-element-25b56be elementor-widget elementor-widget-image\" data-id=\"25b56be\" data-element_type=\"widget\" data-e-type=\"widget\" data-widget_type=\"image.default\">\n\t\t\t\t\t\t\t\t\t\t\t\t\t\t\t<img fetchpriority=\"high\" decoding=\"async\" width=\"2560\" height=\"1440\" src=\"https:\/\/www.pod-skalco-bohinj.com\/wp-content\/uploads\/2026\/03\/gallery_0002-1-scaled.jpg\" class=\"attachment-full size-full wp-image-99\" alt=\"\" srcset=\"https:\/\/www.pod-skalco-bohinj.com\/wp-content\/uploads\/2026\/03\/gallery_0002-1-scaled.jpg 2560w, https:\/\/www.pod-skalco-bohinj.com\/wp-content\/uploads\/2026\/03\/gallery_0002-1-300x169.jpg 300w, https:\/\/www.pod-skalco-bohinj.com\/wp-content\/uploads\/2026\/03\/gallery_0002-1-1024x576.jpg 1024w, https:\/\/www.pod-skalco-bohinj.com\/wp-content\/uploads\/2026\/03\/gallery_0002-1-768x432.jpg 768w, https:\/\/www.pod-skalco-bohinj.com\/wp-content\/uploads\/2026\/03\/gallery_0002-1-1536x864.jpg 1536w, https:\/\/www.pod-skalco-bohinj.com\/wp-content\/uploads\/2026\/03\/gallery_0002-1-2048x1152.jpg 2048w\" sizes=\"(max-width: 2560px) 100vw, 2560px\" \/>\t\t\t\t\t\t\t\t\t\t\t\t\t\t\t<\/div>\n\t\t\t\t<\/div>\n\t\t<div class=\"elementor-element elementor-element-1539dfa9 e-con-full e-flex e-con e-child\" data-id=\"1539dfa9\" data-element_type=\"container\" data-e-type=\"container\">\n\t\t\t\t<div class=\"elementor-element elementor-element-f426c78 elementor-widget elementor-widget-heading\" data-id=\"f426c78\" data-element_type=\"widget\" data-e-type=\"widget\" data-widget_type=\"heading.default\">\n\t\t\t\t\t<h2 class=\"elementor-heading-title elementor-size-default\">Offer<\/h2>\t\t\t\t<\/div>\n\t\t\t\t<div class=\"elementor-element elementor-element-c3679ea elementor-widget elementor-widget-text-editor\" data-id=\"c3679ea\" data-element_type=\"widget\" data-e-type=\"widget\" data-widget_type=\"text-editor.default\">\n\t\t\t\t\t\t\t\t\t<p>The Pod Skalco offer in Bohinj combines the cosy Pod Skalco guest house, the popular Pod Brezo snack bar, and the unique natural surroundings of Lake Bohinj. Visitors can enjoy good food, relaxed socialising and beautiful views of the nature surrounding one of the most beautiful alpine lakes in Slovenia all in one place.<\/p>\t\t\t\t\t\t\t\t<\/div>\n\t\t\t\t<\/div>\n\t\t\t\t\t<\/div>\n\t\t\t\t<\/div>\n\t\t<div class=\"elementor-element elementor-element-76507de8 e-flex e-con-boxed e-con e-parent\" data-id=\"76507de8\" data-element_type=\"container\" data-e-type=\"container\">\n\t\t\t\t\t<div class=\"e-con-inner\">\n\t\t<div class=\"elementor-element elementor-element-7b3151a5 e-con-full e-flex e-con e-child\" data-id=\"7b3151a5\" data-element_type=\"container\" data-e-type=\"container\">\n\t\t\t\t<div class=\"elementor-element elementor-element-18d32e9 elementor-widget elementor-widget-heading\" data-id=\"18d32e9\" data-element_type=\"widget\" data-e-type=\"widget\" data-widget_type=\"heading.default\">\n\t\t\t\t\t<p class=\"elementor-heading-title elementor-size-default\">HOSTS<\/p>\t\t\t\t<\/div>\n\t\t\t\t<div class=\"elementor-element elementor-element-28abe4b2 elementor-widget elementor-widget-heading\" data-id=\"28abe4b2\" data-element_type=\"widget\" data-e-type=\"widget\" data-widget_type=\"heading.default\">\n\t\t\t\t\t<h2 class=\"elementor-heading-title elementor-size-default\">Pod Skalco Guesthouse <\/h2>\t\t\t\t<\/div>\n\t\t\t\t<div class=\"elementor-element elementor-element-46f89171 elementor-widget elementor-widget-text-editor\" data-id=\"46f89171\" data-element_type=\"widget\" data-e-type=\"widget\" data-widget_type=\"text-editor.default\">\n\t\t\t\t\t\t\t\t\t<p>Located in the immediate vicinity of Lake Bohinj, Pod Skalco is a popular stop for local guests and visitors to Bohinj. Thanks to its location in a natural environment, it offers a pleasant place to relax while exploring Bohinj or after a walk by the lake. The summer terrace can accommodate about 80 to 100 guests, where you can enjoy the view of nature in a pleasant atmosphere.<\/p><p>The menu is based on simple but tasty dishes, including grilled meats, trout, fried meats, pizzas, salads, ice cream and desserts. The food is suitable for a short stop on a day trip, as well as for a relaxed lunch or dinner by Lake Bohinj.<\/p><p>During the summer, live music is often organised on weekends at Pod Skalco, which further enlivens the visit and creates a pleasant atmosphere for socialising over food, drinks and the natural ambience of Bohinj.<\/p>\t\t\t\t\t\t\t\t<\/div>\n\t\t\t\t<\/div>\n\t\t<div class=\"elementor-element elementor-element-6b8e9e74 e-con-full e-flex e-con e-child\" data-id=\"6b8e9e74\" data-element_type=\"container\" data-e-type=\"container\">\n\t\t\t\t<div class=\"elementor-element elementor-element-d39527e elementor-widget elementor-widget-image\" data-id=\"d39527e\" data-element_type=\"widget\" data-e-type=\"widget\" data-widget_type=\"image.default\">\n\t\t\t\t\t\t\t\t\t\t\t\t\t\t\t<img decoding=\"async\" width=\"1783\" height=\"1440\" src=\"https:\/\/www.pod-skalco-bohinj.com\/wp-content\/uploads\/2026\/03\/gallery_0001-scaled-1-e1774941167185.jpg\" class=\"attachment-full size-full wp-image-179\" alt=\"\" srcset=\"https:\/\/www.pod-skalco-bohinj.com\/wp-content\/uploads\/2026\/03\/gallery_0001-scaled-1-e1774941167185.jpg 1783w, https:\/\/www.pod-skalco-bohinj.com\/wp-content\/uploads\/2026\/03\/gallery_0001-scaled-1-e1774941167185-300x242.jpg 300w, https:\/\/www.pod-skalco-bohinj.com\/wp-content\/uploads\/2026\/03\/gallery_0001-scaled-1-e1774941167185-1024x827.jpg 1024w, https:\/\/www.pod-skalco-bohinj.com\/wp-content\/uploads\/2026\/03\/gallery_0001-scaled-1-e1774941167185-768x620.jpg 768w, https:\/\/www.pod-skalco-bohinj.com\/wp-content\/uploads\/2026\/03\/gallery_0001-scaled-1-e1774941167185-1536x1241.jpg 1536w\" sizes=\"(max-width: 1783px) 100vw, 1783px\" \/>\t\t\t\t\t\t\t\t\t\t\t\t\t\t\t<\/div>\n\t\t\t\t<\/div>\n\t\t\t\t\t<\/div>\n\t\t\t\t<\/div>\n\t\t<div class=\"elementor-element elementor-element-b25bed6 e-flex e-con-boxed e-con e-parent\" data-id=\"b25bed6\" data-element_type=\"container\" data-e-type=\"container\">\n\t\t\t\t\t<div class=\"e-con-inner\">\n\t\t<div class=\"elementor-element elementor-element-22a5acd8 e-con-full e-flex e-con e-child\" data-id=\"22a5acd8\" data-element_type=\"container\" data-e-type=\"container\">\n\t\t\t\t<div class=\"elementor-element elementor-element-0fa64f1 elementor-widget elementor-widget-image\" data-id=\"0fa64f1\" data-element_type=\"widget\" data-e-type=\"widget\" data-widget_type=\"image.default\">\n\t\t\t\t\t\t\t\t\t\t\t\t\t\t\t<img decoding=\"async\" width=\"1624\" height=\"1195\" src=\"https:\/\/www.pod-skalco-bohinj.com\/wp-content\/uploads\/2026\/03\/gallery_0008-1-e1774941268544.jpg\" class=\"attachment-full size-full wp-image-180\" alt=\"\" srcset=\"https:\/\/www.pod-skalco-bohinj.com\/wp-content\/uploads\/2026\/03\/gallery_0008-1-e1774941268544.jpg 1624w, https:\/\/www.pod-skalco-bohinj.com\/wp-content\/uploads\/2026\/03\/gallery_0008-1-e1774941268544-300x221.jpg 300w, https:\/\/www.pod-skalco-bohinj.com\/wp-content\/uploads\/2026\/03\/gallery_0008-1-e1774941268544-1024x753.jpg 1024w, https:\/\/www.pod-skalco-bohinj.com\/wp-content\/uploads\/2026\/03\/gallery_0008-1-e1774941268544-768x565.jpg 768w, https:\/\/www.pod-skalco-bohinj.com\/wp-content\/uploads\/2026\/03\/gallery_0008-1-e1774941268544-1536x1130.jpg 1536w\" sizes=\"(max-width: 1624px) 100vw, 1624px\" \/>\t\t\t\t\t\t\t\t\t\t\t\t\t\t\t<\/div>\n\t\t\t\t<\/div>\n\t\t<div class=\"elementor-element elementor-element-4c108c4e e-con-full e-flex e-con e-child\" data-id=\"4c108c4e\" data-element_type=\"container\" data-e-type=\"container\">\n\t\t\t\t<div class=\"elementor-element elementor-element-37397c6f elementor-widget elementor-widget-heading\" data-id=\"37397c6f\" data-element_type=\"widget\" data-e-type=\"widget\" data-widget_type=\"heading.default\">\n\t\t\t\t\t<p class=\"elementor-heading-title elementor-size-default\">SNACK BAR<\/p>\t\t\t\t<\/div>\n\t\t\t\t<div class=\"elementor-element elementor-element-6b1650 elementor-widget elementor-widget-heading\" data-id=\"6b1650\" data-element_type=\"widget\" data-e-type=\"widget\" data-widget_type=\"heading.default\">\n\t\t\t\t\t<h2 class=\"elementor-heading-title elementor-size-default\">Snack bar Pod Brezo <\/h2>\t\t\t\t<\/div>\n\t\t\t\t<div class=\"elementor-element elementor-element-19fdf285 elementor-widget elementor-widget-text-editor\" data-id=\"19fdf285\" data-element_type=\"widget\" data-e-type=\"widget\" data-widget_type=\"text-editor.default\">\n\t\t\t\t\t\t\t\t\t<p>Just next to the bridge and the Church of St. John the Baptist is the Pod Brezo day bar, which is part of the Pod Skalco offer. The snack bar is a popular stop for visitors to Bohinj who want to take a short break with a drink or a snack. Offering a variety of drinks, snacks, cakes, paninis, homemade ice cream and excellent coffee, the Snack Bar is a popular place for a short stop when visiting Lake Bohinj.<\/p><p>On the terrace of the Pod Brezo snack bar, you will be amazed by the view of Lake Bohinj, the church and the bridge, which are the hallmarks of Bohinj. Here, visitors can enjoy the heart of Bohinj, taking in the tourist action, the people, the nature and the sights this Alpine valley has to offer.<\/p>\t\t\t\t\t\t\t\t<\/div>\n\t\t\t\t<\/div>\n\t\t\t\t\t<\/div>\n\t\t\t\t<\/div>\n\t\t<div class=\"elementor-element elementor-element-d073c74 e-flex e-con-boxed e-con e-parent\" data-id=\"d073c74\" data-element_type=\"container\" data-e-type=\"container\">\n\t\t\t\t\t<div class=\"e-con-inner\">\n\t\t<div class=\"elementor-element elementor-element-79a90b7 e-con-full e-flex e-con e-child\" data-id=\"79a90b7\" data-element_type=\"container\" data-e-type=\"container\">\n\t\t\t\t<div class=\"elementor-element elementor-element-cd66a5a elementor-widget elementor-widget-heading\" data-id=\"cd66a5a\" data-element_type=\"widget\" data-e-type=\"widget\" data-widget_type=\"heading.default\">\n\t\t\t\t\t<p class=\"elementor-heading-title elementor-size-default\">BEACH WALL<\/p>\t\t\t\t<\/div>\n\t\t\t\t<div class=\"elementor-element elementor-element-2960521 elementor-widget elementor-widget-heading\" data-id=\"2960521\" data-element_type=\"widget\" data-e-type=\"widget\" data-widget_type=\"heading.default\">\n\t\t\t\t\t<h2 class=\"elementor-heading-title elementor-size-default\">Pod Skalco climbing wall <\/h2>\t\t\t\t<\/div>\n\t\t\t\t<div class=\"elementor-element elementor-element-b45802b elementor-widget elementor-widget-text-editor\" data-id=\"b45802b\" data-element_type=\"widget\" data-e-type=\"widget\" data-widget_type=\"text-editor.default\">\n\t\t\t\t\t\t\t\t\t<p>In the immediate vicinity of the Pod Skalco guest house in Bohinj, there is a natural climbing wall called Pod Skalco, which is well known among climbers and outdoor enthusiasts. The climbing wall adds to the experience of visiting this part of Bohinj and attracts many visitors who want to combine their visit to the lake with an active holiday.<\/p>\t\t\t\t\t\t\t\t<\/div>\n\t\t\t\t<\/div>\n\t\t<div class=\"elementor-element elementor-element-da8ee29 e-con-full e-flex e-con e-child\" data-id=\"da8ee29\" data-element_type=\"container\" data-e-type=\"container\">\n\t\t\t\t<div class=\"elementor-element elementor-element-453d103 elementor-widget elementor-widget-image\" data-id=\"453d103\" data-element_type=\"widget\" data-e-type=\"widget\" data-widget_type=\"image.default\">\n\t\t\t\t\t\t\t\t\t\t\t\t\t\t\t<img loading=\"lazy\" decoding=\"async\" width=\"960\" height=\"720\" src=\"https:\/\/www.pod-skalco-bohinj.com\/wp-content\/uploads\/2026\/03\/plezanje_hotel-bohinj-1-1.jpg\" class=\"attachment-full size-full wp-image-175\" alt=\"\" srcset=\"https:\/\/www.pod-skalco-bohinj.com\/wp-content\/uploads\/2026\/03\/plezanje_hotel-bohinj-1-1.jpg 960w, https:\/\/www.pod-skalco-bohinj.com\/wp-content\/uploads\/2026\/03\/plezanje_hotel-bohinj-1-1-300x225.jpg 300w, https:\/\/www.pod-skalco-bohinj.com\/wp-content\/uploads\/2026\/03\/plezanje_hotel-bohinj-1-1-768x576.jpg 768w\" sizes=\"(max-width: 960px) 100vw, 960px\" \/>\t\t\t\t\t\t\t\t\t\t\t\t\t\t\t<\/div>\n\t\t\t\t<\/div>\n\t\t\t\t\t<\/div>\n\t\t\t\t<\/div>\n\t\t<div class=\"elementor-element elementor-element-538a453d e-con-full e-flex e-con e-parent\" data-id=\"538a453d\" data-element_type=\"container\" data-e-type=\"container\">\n\t\t<div class=\"elementor-element elementor-element-7efa3f8f e-con-full e-flex e-con e-child\" data-id=\"7efa3f8f\" data-element_type=\"container\" data-e-type=\"container\" data-settings=\"{&quot;background_background&quot;:&quot;classic&quot;}\">\n\t\t\t\t<div class=\"elementor-element elementor-element-51ace256 elementor-widget elementor-widget-heading\" data-id=\"51ace256\" data-element_type=\"widget\" data-e-type=\"widget\" data-widget_type=\"heading.default\">\n\t\t\t\t\t<div class=\"elementor-heading-title elementor-size-default\">WE LOOK FORWARD TO WELCOMING YOU!<\/div>\t\t\t\t<\/div>\n\t\t\t\t<div class=\"elementor-element elementor-element-5fc1744a elementor-widget elementor-widget-heading\" data-id=\"5fc1744a\" data-element_type=\"widget\" data-e-type=\"widget\" data-widget_type=\"heading.default\">\n\t\t\t\t\t<h2 class=\"elementor-heading-title elementor-size-default\">Welcome to the Pod Skalco guest house and the Pod Brezo snack bar <\/h2>\t\t\t\t<\/div>\n\t\t\t\t<div class=\"elementor-element elementor-element-58f89d39 elementor-widget elementor-widget-text-editor\" data-id=\"58f89d39\" data-element_type=\"widget\" data-e-type=\"widget\" data-widget_type=\"text-editor.default\">\n\t\t\t\t\t\t\t\t\t<p>If you are looking for a pleasant place to have lunch, have a drink or relax by Lake Bohinj, we invite you to visit the Pod Skalco guest house or the Pod Brezo snack bar. With good food, refreshing drinks and a beautiful view of Lake Bohinj, you can experience a pleasant and relaxed atmosphere in the heart of Bohinj.<\/p><p>The Pod Skalco restaurant is a great choice for lunch or dinner after a walk by the lake, while the Pod Brezo snack bar is the perfect place for a short stop for coffee, dessert or a refreshing drink while exploring Bohinj.<\/p>\t\t\t\t\t\t\t\t<\/div>\n\t\t\t\t<div class=\"elementor-element elementor-element-670f6d60 elementor-align-center elementor-widget elementor-widget-button\" data-id=\"670f6d60\" data-element_type=\"widget\" data-e-type=\"widget\" data-widget_type=\"button.default\">\n\t\t\t\t\t\t\t\t\t\t<a class=\"elementor-button elementor-button-link elementor-size-lg elementor-animation-shrink\" href=\"#\">\n\t\t\t\t\t\t<span class=\"elementor-button-content-wrapper\">\n\t\t\t\t\t\t\t\t\t<span class=\"elementor-button-text\">Contact<\/span>\n\t\t\t\t\t<\/span>\n\t\t\t\t\t<\/a>\n\t\t\t\t\t\t\t\t<\/div>\n\t\t\t\t<\/div>\n\t\t\t\t<\/div>\n\t\t\t\t<\/div>","protected":false},"excerpt":{"rendered":"<p>Ponudba Pod Skalco v Bohinju Domov \/ Ponudba Ponudba Ponudba Pod Skalco v Bohinju zdru\u017euje prijetno gosti\u0161\u010de Pod Skalco, priljubljen snack bar Pod Brezo ter edinstveno naravno okolje ob Bohinjskem jezeru. Obiskovalci lahko na enem mestu u\u017eivajo v dobri hrani, spro\u0161\u010denem dru\u017eenju in \u010dudovitem razgledu na naravo, ki obdaja eno najlep\u0161ih alpskih jezer v Sloveniji. [&hellip;]<\/p>\n","protected":false},"author":1,"featured_media":0,"parent":0,"menu_order":0,"comment_status":"closed","ping_status":"closed","template":"","meta":{"footnotes":""},"class_list":["post-169","page","type-page","status-publish","hentry"],"yoast_head":"<!-- This site is optimized with the Yoast SEO plugin v27.2 - https:\/\/yoast.com\/product\/yoast-seo-wordpress\/ -->\n<title>Ponudba | Pod Skalco Bohinj, Rib\u010dev Laz<\/title>\n<meta name=\"description\" content=\"Ponudba Pod Skalco v Bohinju vklju\u010duje gosti\u0161\u010de Pod Skalco in snack bar Pod Brezo. U\u017eivajte v hrani, pija\u010di in razgledu na Bohinjsko jezero.\" \/>\n<meta name=\"robots\" content=\"index, follow, max-snippet:-1, max-image-preview:large, max-video-preview:-1\" \/>\n<link rel=\"canonical\" href=\"https:\/\/www.pod-skalco-bohinj.com\/en\/offer\/\" \/>\n<meta property=\"og:locale\" content=\"en_US\" \/>\n<meta property=\"og:type\" content=\"article\" \/>\n<meta property=\"og:title\" content=\"Ponudba | Pod Skalco Bohinj, Rib\u010dev Laz\" \/>\n<meta property=\"og:description\" content=\"Ponudba Pod Skalco v Bohinju vklju\u010duje gosti\u0161\u010de Pod Skalco in snack bar Pod Brezo. U\u017eivajte v hrani, pija\u010di in razgledu na Bohinjsko jezero.\" \/>\n<meta property=\"og:url\" content=\"https:\/\/www.pod-skalco-bohinj.com\/en\/offer\/\" \/>\n<meta property=\"og:site_name\" content=\"Pod Skalco - Bohinjsko jezero, Rib\u010dev Laz\" \/>\n<meta property=\"article:modified_time\" content=\"2026-04-16T09:23:07+00:00\" \/>\n<meta property=\"og:image\" content=\"https:\/\/www.pod-skalco-bohinj.com\/wp-content\/uploads\/2026\/03\/gallery_0002-1-scaled.jpg\" \/>\n\t<meta property=\"og:image:width\" content=\"2560\" \/>\n\t<meta property=\"og:image:height\" content=\"1440\" \/>\n\t<meta property=\"og:image:type\" content=\"image\/jpeg\" \/>\n<meta name=\"twitter:card\" content=\"summary_large_image\" \/>\n<meta name=\"twitter:label1\" content=\"Est. reading time\" \/>\n\t<meta name=\"twitter:data1\" content=\"3 minutes\" \/>\n<script type=\"application\/ld+json\" class=\"yoast-schema-graph\">{\"@context\":\"https:\/\/schema.org\",\"@graph\":[{\"@type\":\"WebPage\",\"@id\":\"https:\/\/www.pod-skalco-bohinj.com\/ponudba\/\",\"url\":\"https:\/\/www.pod-skalco-bohinj.com\/ponudba\/\",\"name\":\"Ponudba | Pod Skalco Bohinj, Rib\u010dev Laz\",\"isPartOf\":{\"@id\":\"https:\/\/www.pod-skalco-bohinj.com\/#website\"},\"primaryImageOfPage\":{\"@id\":\"https:\/\/www.pod-skalco-bohinj.com\/ponudba\/#primaryimage\"},\"image\":{\"@id\":\"https:\/\/www.pod-skalco-bohinj.com\/ponudba\/#primaryimage\"},\"thumbnailUrl\":\"https:\/\/www.pod-skalco-bohinj.com\/wp-content\/uploads\/2026\/03\/gallery_0002-1-scaled.jpg\",\"datePublished\":\"2026-03-31T07:02:22+00:00\",\"dateModified\":\"2026-04-16T09:23:07+00:00\",\"description\":\"Ponudba Pod Skalco v Bohinju vklju\u010duje gosti\u0161\u010de Pod Skalco in snack bar Pod Brezo. U\u017eivajte v hrani, pija\u010di in razgledu na Bohinjsko jezero.\",\"breadcrumb\":{\"@id\":\"https:\/\/www.pod-skalco-bohinj.com\/ponudba\/#breadcrumb\"},\"inLanguage\":\"en-US\",\"potentialAction\":[{\"@type\":\"ReadAction\",\"target\":[\"https:\/\/www.pod-skalco-bohinj.com\/ponudba\/\"]}]},{\"@type\":\"ImageObject\",\"inLanguage\":\"en-US\",\"@id\":\"https:\/\/www.pod-skalco-bohinj.com\/ponudba\/#primaryimage\",\"url\":\"https:\/\/www.pod-skalco-bohinj.com\/wp-content\/uploads\/2026\/03\/gallery_0002-1-scaled.jpg\",\"contentUrl\":\"https:\/\/www.pod-skalco-bohinj.com\/wp-content\/uploads\/2026\/03\/gallery_0002-1-scaled.jpg\"},{\"@type\":\"BreadcrumbList\",\"@id\":\"https:\/\/www.pod-skalco-bohinj.com\/ponudba\/#breadcrumb\",\"itemListElement\":[{\"@type\":\"ListItem\",\"position\":1,\"name\":\"Home\",\"item\":\"https:\/\/www.pod-skalco-bohinj.com\/\"},{\"@type\":\"ListItem\",\"position\":2,\"name\":\"Ponudba\"}]},{\"@type\":\"WebSite\",\"@id\":\"https:\/\/www.pod-skalco-bohinj.com\/#website\",\"url\":\"https:\/\/www.pod-skalco-bohinj.com\/\",\"name\":\"Pod Skalco - Bohinjsko jezero, Rib\u010dev Laz\",\"description\":\"Gosti\u0161\u010de Pod Skalco | Snack bar Pod Brezo | Plezalna stena Pod Skalco\",\"publisher\":{\"@id\":\"https:\/\/www.pod-skalco-bohinj.com\/#organization\"},\"potentialAction\":[{\"@type\":\"SearchAction\",\"target\":{\"@type\":\"EntryPoint\",\"urlTemplate\":\"https:\/\/www.pod-skalco-bohinj.com\/?s={search_term_string}\"},\"query-input\":{\"@type\":\"PropertyValueSpecification\",\"valueRequired\":true,\"valueName\":\"search_term_string\"}}],\"inLanguage\":\"en-US\"},{\"@type\":\"Organization\",\"@id\":\"https:\/\/www.pod-skalco-bohinj.com\/#organization\",\"name\":\"Pod Skalco - Bohinjsko jezero, Rib\u010dev Laz\",\"url\":\"https:\/\/www.pod-skalco-bohinj.com\/\",\"logo\":{\"@type\":\"ImageObject\",\"inLanguage\":\"en-US\",\"@id\":\"https:\/\/www.pod-skalco-bohinj.com\/#\/schema\/logo\/image\/\",\"url\":\"https:\/\/www.pod-skalco-bohinj.com\/wp-content\/uploads\/2026\/03\/cropped-LOGO-SKALCA-BREZA-2022_page-0001.png\",\"contentUrl\":\"https:\/\/www.pod-skalco-bohinj.com\/wp-content\/uploads\/2026\/03\/cropped-LOGO-SKALCA-BREZA-2022_page-0001.png\",\"width\":512,\"height\":512,\"caption\":\"Pod Skalco - Bohinjsko jezero, Rib\u010dev Laz\"},\"image\":{\"@id\":\"https:\/\/www.pod-skalco-bohinj.com\/#\/schema\/logo\/image\/\"}}]}<\/script>\n<!-- \/ Yoast SEO plugin. -->","yoast_head_json":{"title":"Offer | Pod Skalco Bohinj, Rib\u010dev Laz","description":"Pod Skalco in Bohinj offers the Pod Skalco guest house and the Pod Brezo snack bar. Enjoy food, drinks and views of Lake Bohinj.","robots":{"index":"index","follow":"follow","max-snippet":"max-snippet:-1","max-image-preview":"max-image-preview:large","max-video-preview":"max-video-preview:-1"},"canonical":"https:\/\/www.pod-skalco-bohinj.com\/en\/offer\/","og_locale":"en_US","og_type":"article","og_title":"Ponudba | Pod Skalco Bohinj, Rib\u010dev Laz","og_description":"Ponudba Pod Skalco v Bohinju vklju\u010duje gosti\u0161\u010de Pod Skalco in snack bar Pod Brezo. U\u017eivajte v hrani, pija\u010di in razgledu na Bohinjsko jezero.","og_url":"https:\/\/www.pod-skalco-bohinj.com\/en\/offer\/","og_site_name":"Pod Skalco - Bohinjsko jezero, Rib\u010dev Laz","article_modified_time":"2026-04-16T09:23:07+00:00","og_image":[{"width":2560,"height":1440,"url":"https:\/\/www.pod-skalco-bohinj.com\/wp-content\/uploads\/2026\/03\/gallery_0002-1-scaled.jpg","type":"image\/jpeg"}],"twitter_card":"summary_large_image","twitter_misc":{"Est. reading time":"3 minutes"},"schema":{"@context":"https:\/\/schema.org","@graph":[{"@type":"WebPage","@id":"https:\/\/www.pod-skalco-bohinj.com\/ponudba\/","url":"https:\/\/www.pod-skalco-bohinj.com\/ponudba\/","name":"Offer | Pod Skalco Bohinj, Rib\u010dev Laz","isPartOf":{"@id":"https:\/\/www.pod-skalco-bohinj.com\/#website"},"primaryImageOfPage":{"@id":"https:\/\/www.pod-skalco-bohinj.com\/ponudba\/#primaryimage"},"image":{"@id":"https:\/\/www.pod-skalco-bohinj.com\/ponudba\/#primaryimage"},"thumbnailUrl":"https:\/\/www.pod-skalco-bohinj.com\/wp-content\/uploads\/2026\/03\/gallery_0002-1-scaled.jpg","datePublished":"2026-03-31T07:02:22+00:00","dateModified":"2026-04-16T09:23:07+00:00","description":"Pod Skalco in Bohinj offers the Pod Skalco guest house and the Pod Brezo snack bar. Enjoy food, drinks and views of Lake Bohinj.","breadcrumb":{"@id":"https:\/\/www.pod-skalco-bohinj.com\/ponudba\/#breadcrumb"},"inLanguage":"en-US","potentialAction":[{"@type":"ReadAction","target":["https:\/\/www.pod-skalco-bohinj.com\/ponudba\/"]}]},{"@type":"ImageObject","inLanguage":"en-US","@id":"https:\/\/www.pod-skalco-bohinj.com\/ponudba\/#primaryimage","url":"https:\/\/www.pod-skalco-bohinj.com\/wp-content\/uploads\/2026\/03\/gallery_0002-1-scaled.jpg","contentUrl":"https:\/\/www.pod-skalco-bohinj.com\/wp-content\/uploads\/2026\/03\/gallery_0002-1-scaled.jpg"},{"@type":"BreadcrumbList","@id":"https:\/\/www.pod-skalco-bohinj.com\/ponudba\/#breadcrumb","itemListElement":[{"@type":"ListItem","position":1,"name":"Home","item":"https:\/\/www.pod-skalco-bohinj.com\/"},{"@type":"ListItem","position":2,"name":"Ponudba"}]},{"@type":"WebSite","@id":"https:\/\/www.pod-skalco-bohinj.com\/#website","url":"https:\/\/www.pod-skalco-bohinj.com\/","name":"Pod Skalco - Lake Bohinj, Rib\u010dev Laz","description":"Pod Skalco Guesthouse | Snack bar Pod Brezo | Climbing wall Pod Skalco","publisher":{"@id":"https:\/\/www.pod-skalco-bohinj.com\/#organization"},"potentialAction":[{"@type":"SearchAction","target":{"@type":"EntryPoint","urlTemplate":"https:\/\/www.pod-skalco-bohinj.com\/?s={search_term_string}"},"query-input":{"@type":"PropertyValueSpecification","valueRequired":true,"valueName":"search_term_string"}}],"inLanguage":"en-US"},{"@type":"Organization","@id":"https:\/\/www.pod-skalco-bohinj.com\/#organization","name":"Pod Skalco - Lake Bohinj, Rib\u010dev Laz","url":"https:\/\/www.pod-skalco-bohinj.com\/","logo":{"@type":"ImageObject","inLanguage":"en-US","@id":"https:\/\/www.pod-skalco-bohinj.com\/#\/schema\/logo\/image\/","url":"https:\/\/www.pod-skalco-bohinj.com\/wp-content\/uploads\/2026\/03\/cropped-LOGO-SKALCA-BREZA-2022_page-0001.png","contentUrl":"https:\/\/www.pod-skalco-bohinj.com\/wp-content\/uploads\/2026\/03\/cropped-LOGO-SKALCA-BREZA-2022_page-0001.png","width":512,"height":512,"caption":"Pod Skalco - Bohinjsko jezero, Rib\u010dev Laz"},"image":{"@id":"https:\/\/www.pod-skalco-bohinj.com\/#\/schema\/logo\/image\/"}}]}},"_links":{"self":[{"href":"https:\/\/www.pod-skalco-bohinj.com\/en\/wp-json\/wp\/v2\/pages\/169","targetHints":{"allow":["GET"]}}],"collection":[{"href":"https:\/\/www.pod-skalco-bohinj.com\/en\/wp-json\/wp\/v2\/pages"}],"about":[{"href":"https:\/\/www.pod-skalco-bohinj.com\/en\/wp-json\/wp\/v2\/types\/page"}],"author":[{"embeddable":true,"href":"https:\/\/www.pod-skalco-bohinj.com\/en\/wp-json\/wp\/v2\/users\/1"}],"replies":[{"embeddable":true,"href":"https:\/\/www.pod-skalco-bohinj.com\/en\/wp-json\/wp\/v2\/comments?post=169"}],"version-history":[{"count":16,"href":"https:\/\/www.pod-skalco-bohinj.com\/en\/wp-json\/wp\/v2\/pages\/169\/revisions"}],"predecessor-version":[{"id":208,"href":"https:\/\/www.pod-skalco-bohinj.com\/en\/wp-json\/wp\/v2\/pages\/169\/revisions\/208"}],"wp:attachment":[{"href":"https:\/\/www.pod-skalco-bohinj.com\/en\/wp-json\/wp\/v2\/media?parent=169"}],"curies":[{"name":"wp","href":"https:\/\/api.w.org\/{rel}","templated":true}]}}