{"id":192,"date":"2026-04-07T07:13:07","date_gmt":"2026-04-07T07:13:07","guid":{"rendered":"https:\/\/www.pod-skalco-bohinj.com\/?page_id=192"},"modified":"2026-04-16T09:23:26","modified_gmt":"2026-04-16T09:23:26","slug":"gallery","status":"publish","type":"page","link":"https:\/\/www.pod-skalco-bohinj.com\/en\/galerija\/","title":{"rendered":"Gallery"},"content":{"rendered":"<div data-elementor-type=\"wp-page\" data-elementor-id=\"192\" class=\"elementor elementor-192\" data-elementor-post-type=\"page\">\n\t\t\t\t<div class=\"elementor-element elementor-element-1b8295d1 e-flex e-con-boxed e-con e-parent\" data-id=\"1b8295d1\" data-element_type=\"container\" data-e-type=\"container\" data-settings=\"{&quot;background_background&quot;:&quot;classic&quot;}\">\n\t\t\t\t\t<div class=\"e-con-inner\">\n\t\t\t\t<div class=\"elementor-element elementor-element-50f8a0df elementor-widget elementor-widget-elementskit-heading\" data-id=\"50f8a0df\" data-element_type=\"widget\" data-e-type=\"widget\" data-widget_type=\"elementskit-heading.default\">\n\t\t\t\t\t<div class=\"ekit-wid-con\" ><div class=\"ekit-heading elementskit-section-title-wraper text_center   ekit_heading_tablet-text_center   ekit_heading_mobile-\"><h1 class=\"ekit-heading--title elementskit-section-title\">Gallery<\/h1><\/div><\/div>\t\t\t\t<\/div>\n\t\t\t\t<div class=\"elementor-element elementor-element-6cd57ad3 elementor-widget elementor-widget-text-editor\" data-id=\"6cd57ad3\" data-element_type=\"widget\" data-e-type=\"widget\" data-widget_type=\"text-editor.default\">\n\t\t\t\t\t\t\t\t\t<p>Home \/ <a href=\"#\">Gallery<\/a><\/p>\t\t\t\t\t\t\t\t<\/div>\n\t\t\t\t\t<\/div>\n\t\t\t\t<\/div>\n\t\t<div class=\"elementor-element elementor-element-aa23ad9 e-flex e-con-boxed e-con e-parent\" data-id=\"aa23ad9\" data-element_type=\"container\" data-e-type=\"container\">\n\t\t\t\t\t<div class=\"e-con-inner\">\n\t\t\t\t<div class=\"elementor-element elementor-element-4ce4c40 gallery-spacing-custom elementor-widget elementor-widget-image-gallery\" data-id=\"4ce4c40\" data-element_type=\"widget\" data-e-type=\"widget\" data-widget_type=\"image-gallery.default\">\n\t\t\t\t\t\t\t<div class=\"elementor-image-gallery\">\n\t\t\t<div id='gallery-1' class='gallery galleryid-192 gallery-columns-2 gallery-size-full'><figure class='gallery-item'>\n\t\t\t<div class='gallery-icon landscape'>\n\t\t\t\t<a data-elementor-open-lightbox=\"yes\" data-elementor-lightbox-slideshow=\"4ce4c40\" data-elementor-lightbox-title=\"gallery_0001\" data-e-action-hash=\"#elementor-action%3Aaction%3Dlightbox%26settings%3DeyJpZCI6ODIsInVybCI6Imh0dHBzOlwvXC93d3cucG9kLXNrYWxjby1ib2hpbmouY29tXC93cC1jb250ZW50XC91cGxvYWRzXC8yMDI2XC8wM1wvZ2FsbGVyeV8wMDAxLXNjYWxlZC5qcGciLCJzbGlkZXNob3ciOiI0Y2U0YzQwIn0%3D\" href='https:\/\/www.pod-skalco-bohinj.com\/wp-content\/uploads\/2026\/03\/gallery_0001-scaled.jpg'><img fetchpriority=\"high\" decoding=\"async\" width=\"2560\" height=\"1440\" src=\"https:\/\/www.pod-skalco-bohinj.com\/wp-content\/uploads\/2026\/03\/gallery_0001-scaled.jpg\" class=\"attachment-full size-full\" alt=\"\" srcset=\"https:\/\/www.pod-skalco-bohinj.com\/wp-content\/uploads\/2026\/03\/gallery_0001-scaled.jpg 2560w, https:\/\/www.pod-skalco-bohinj.com\/wp-content\/uploads\/2026\/03\/gallery_0001-300x169.jpg 300w, https:\/\/www.pod-skalco-bohinj.com\/wp-content\/uploads\/2026\/03\/gallery_0001-1024x576.jpg 1024w, https:\/\/www.pod-skalco-bohinj.com\/wp-content\/uploads\/2026\/03\/gallery_0001-768x432.jpg 768w, https:\/\/www.pod-skalco-bohinj.com\/wp-content\/uploads\/2026\/03\/gallery_0001-1536x864.jpg 1536w, https:\/\/www.pod-skalco-bohinj.com\/wp-content\/uploads\/2026\/03\/gallery_0001-2048x1152.jpg 2048w\" sizes=\"(max-width: 2560px) 100vw, 2560px\" \/><\/a>\n\t\t\t<\/div><\/figure><figure class='gallery-item'>\n\t\t\t<div class='gallery-icon landscape'>\n\t\t\t\t<a data-elementor-open-lightbox=\"yes\" data-elementor-lightbox-slideshow=\"4ce4c40\" data-elementor-lightbox-title=\"gallery_0002\" data-e-action-hash=\"#elementor-action%3Aaction%3Dlightbox%26settings%3DeyJpZCI6ODMsInVybCI6Imh0dHBzOlwvXC93d3cucG9kLXNrYWxjby1ib2hpbmouY29tXC93cC1jb250ZW50XC91cGxvYWRzXC8yMDI2XC8wM1wvZ2FsbGVyeV8wMDAyLXNjYWxlZC5qcGciLCJzbGlkZXNob3ciOiI0Y2U0YzQwIn0%3D\" href='https:\/\/www.pod-skalco-bohinj.com\/wp-content\/uploads\/2026\/03\/gallery_0002-scaled.jpg'><img decoding=\"async\" width=\"2560\" height=\"1440\" src=\"https:\/\/www.pod-skalco-bohinj.com\/wp-content\/uploads\/2026\/03\/gallery_0002-scaled.jpg\" class=\"attachment-full size-full\" alt=\"\" srcset=\"https:\/\/www.pod-skalco-bohinj.com\/wp-content\/uploads\/2026\/03\/gallery_0002-scaled.jpg 2560w, https:\/\/www.pod-skalco-bohinj.com\/wp-content\/uploads\/2026\/03\/gallery_0002-300x169.jpg 300w, https:\/\/www.pod-skalco-bohinj.com\/wp-content\/uploads\/2026\/03\/gallery_0002-1024x576.jpg 1024w, https:\/\/www.pod-skalco-bohinj.com\/wp-content\/uploads\/2026\/03\/gallery_0002-768x432.jpg 768w, https:\/\/www.pod-skalco-bohinj.com\/wp-content\/uploads\/2026\/03\/gallery_0002-1536x864.jpg 1536w, https:\/\/www.pod-skalco-bohinj.com\/wp-content\/uploads\/2026\/03\/gallery_0002-2048x1152.jpg 2048w\" sizes=\"(max-width: 2560px) 100vw, 2560px\" \/><\/a>\n\t\t\t<\/div><\/figure><figure class='gallery-item'>\n\t\t\t<div class='gallery-icon landscape'>\n\t\t\t\t<a data-elementor-open-lightbox=\"yes\" data-elementor-lightbox-slideshow=\"4ce4c40\" data-elementor-lightbox-title=\"gallery_0006\" data-e-action-hash=\"#elementor-action%3Aaction%3Dlightbox%26settings%3DeyJpZCI6OTUsInVybCI6Imh0dHBzOlwvXC93d3cucG9kLXNrYWxjby1ib2hpbmouY29tXC93cC1jb250ZW50XC91cGxvYWRzXC8yMDI2XC8wM1wvZ2FsbGVyeV8wMDA2LmpwZyIsInNsaWRlc2hvdyI6IjRjZTRjNDAifQ%3D%3D\" href='https:\/\/www.pod-skalco-bohinj.com\/wp-content\/uploads\/2026\/03\/gallery_0006.jpg'><img decoding=\"async\" width=\"2127\" height=\"1196\" src=\"https:\/\/www.pod-skalco-bohinj.com\/wp-content\/uploads\/2026\/03\/gallery_0006.jpg\" class=\"attachment-full size-full\" alt=\"\" srcset=\"https:\/\/www.pod-skalco-bohinj.com\/wp-content\/uploads\/2026\/03\/gallery_0006.jpg 2127w, https:\/\/www.pod-skalco-bohinj.com\/wp-content\/uploads\/2026\/03\/gallery_0006-300x169.jpg 300w, https:\/\/www.pod-skalco-bohinj.com\/wp-content\/uploads\/2026\/03\/gallery_0006-1024x576.jpg 1024w, https:\/\/www.pod-skalco-bohinj.com\/wp-content\/uploads\/2026\/03\/gallery_0006-768x432.jpg 768w, https:\/\/www.pod-skalco-bohinj.com\/wp-content\/uploads\/2026\/03\/gallery_0006-1536x864.jpg 1536w, https:\/\/www.pod-skalco-bohinj.com\/wp-content\/uploads\/2026\/03\/gallery_0006-2048x1152.jpg 2048w\" sizes=\"(max-width: 2127px) 100vw, 2127px\" \/><\/a>\n\t\t\t<\/div><\/figure><figure class='gallery-item'>\n\t\t\t<div class='gallery-icon landscape'>\n\t\t\t\t<a data-elementor-open-lightbox=\"yes\" data-elementor-lightbox-slideshow=\"4ce4c40\" data-elementor-lightbox-title=\"gallery_0005\" data-e-action-hash=\"#elementor-action%3Aaction%3Dlightbox%26settings%3DeyJpZCI6OTYsInVybCI6Imh0dHBzOlwvXC93d3cucG9kLXNrYWxjby1ib2hpbmouY29tXC93cC1jb250ZW50XC91cGxvYWRzXC8yMDI2XC8wM1wvZ2FsbGVyeV8wMDA1LmpwZyIsInNsaWRlc2hvdyI6IjRjZTRjNDAifQ%3D%3D\" href='https:\/\/www.pod-skalco-bohinj.com\/wp-content\/uploads\/2026\/03\/gallery_0005.jpg'><img loading=\"lazy\" decoding=\"async\" width=\"2127\" height=\"1196\" src=\"https:\/\/www.pod-skalco-bohinj.com\/wp-content\/uploads\/2026\/03\/gallery_0005.jpg\" class=\"attachment-full size-full\" alt=\"\" srcset=\"https:\/\/www.pod-skalco-bohinj.com\/wp-content\/uploads\/2026\/03\/gallery_0005.jpg 2127w, https:\/\/www.pod-skalco-bohinj.com\/wp-content\/uploads\/2026\/03\/gallery_0005-300x169.jpg 300w, https:\/\/www.pod-skalco-bohinj.com\/wp-content\/uploads\/2026\/03\/gallery_0005-1024x576.jpg 1024w, https:\/\/www.pod-skalco-bohinj.com\/wp-content\/uploads\/2026\/03\/gallery_0005-768x432.jpg 768w, https:\/\/www.pod-skalco-bohinj.com\/wp-content\/uploads\/2026\/03\/gallery_0005-1536x864.jpg 1536w, https:\/\/www.pod-skalco-bohinj.com\/wp-content\/uploads\/2026\/03\/gallery_0005-2048x1152.jpg 2048w\" sizes=\"(max-width: 2127px) 100vw, 2127px\" \/><\/a>\n\t\t\t<\/div><\/figure><figure class='gallery-item'>\n\t\t\t<div class='gallery-icon landscape'>\n\t\t\t\t<a data-elementor-open-lightbox=\"yes\" data-elementor-lightbox-slideshow=\"4ce4c40\" data-elementor-lightbox-title=\"gallery_0004\" data-e-action-hash=\"#elementor-action%3Aaction%3Dlightbox%26settings%3DeyJpZCI6OTcsInVybCI6Imh0dHBzOlwvXC93d3cucG9kLXNrYWxjby1ib2hpbmouY29tXC93cC1jb250ZW50XC91cGxvYWRzXC8yMDI2XC8wM1wvZ2FsbGVyeV8wMDA0LmpwZyIsInNsaWRlc2hvdyI6IjRjZTRjNDAifQ%3D%3D\" href='https:\/\/www.pod-skalco-bohinj.com\/wp-content\/uploads\/2026\/03\/gallery_0004.jpg'><img loading=\"lazy\" decoding=\"async\" width=\"1625\" height=\"914\" src=\"https:\/\/www.pod-skalco-bohinj.com\/wp-content\/uploads\/2026\/03\/gallery_0004.jpg\" class=\"attachment-full size-full\" alt=\"\" srcset=\"https:\/\/www.pod-skalco-bohinj.com\/wp-content\/uploads\/2026\/03\/gallery_0004.jpg 1625w, https:\/\/www.pod-skalco-bohinj.com\/wp-content\/uploads\/2026\/03\/gallery_0004-300x169.jpg 300w, https:\/\/www.pod-skalco-bohinj.com\/wp-content\/uploads\/2026\/03\/gallery_0004-1024x576.jpg 1024w, https:\/\/www.pod-skalco-bohinj.com\/wp-content\/uploads\/2026\/03\/gallery_0004-768x432.jpg 768w, https:\/\/www.pod-skalco-bohinj.com\/wp-content\/uploads\/2026\/03\/gallery_0004-1536x864.jpg 1536w\" sizes=\"(max-width: 1625px) 100vw, 1625px\" \/><\/a>\n\t\t\t<\/div><\/figure><figure class='gallery-item'>\n\t\t\t<div class='gallery-icon landscape'>\n\t\t\t\t<a data-elementor-open-lightbox=\"yes\" data-elementor-lightbox-slideshow=\"4ce4c40\" data-elementor-lightbox-title=\"gallery_0003 (1)\" data-e-action-hash=\"#elementor-action%3Aaction%3Dlightbox%26settings%3DeyJpZCI6OTgsInVybCI6Imh0dHBzOlwvXC93d3cucG9kLXNrYWxjby1ib2hpbmouY29tXC93cC1jb250ZW50XC91cGxvYWRzXC8yMDI2XC8wM1wvZ2FsbGVyeV8wMDAzLTEtc2NhbGVkLmpwZyIsInNsaWRlc2hvdyI6IjRjZTRjNDAifQ%3D%3D\" href='https:\/\/www.pod-skalco-bohinj.com\/wp-content\/uploads\/2026\/03\/gallery_0003-1-scaled.jpg'><img loading=\"lazy\" decoding=\"async\" width=\"2560\" height=\"1440\" src=\"https:\/\/www.pod-skalco-bohinj.com\/wp-content\/uploads\/2026\/03\/gallery_0003-1-scaled.jpg\" class=\"attachment-full size-full\" alt=\"\" srcset=\"https:\/\/www.pod-skalco-bohinj.com\/wp-content\/uploads\/2026\/03\/gallery_0003-1-scaled.jpg 2560w, https:\/\/www.pod-skalco-bohinj.com\/wp-content\/uploads\/2026\/03\/gallery_0003-1-300x169.jpg 300w, https:\/\/www.pod-skalco-bohinj.com\/wp-content\/uploads\/2026\/03\/gallery_0003-1-1024x576.jpg 1024w, https:\/\/www.pod-skalco-bohinj.com\/wp-content\/uploads\/2026\/03\/gallery_0003-1-768x432.jpg 768w, https:\/\/www.pod-skalco-bohinj.com\/wp-content\/uploads\/2026\/03\/gallery_0003-1-1536x864.jpg 1536w, https:\/\/www.pod-skalco-bohinj.com\/wp-content\/uploads\/2026\/03\/gallery_0003-1-2048x1152.jpg 2048w\" sizes=\"(max-width: 2560px) 100vw, 2560px\" \/><\/a>\n\t\t\t<\/div><\/figure><figure class='gallery-item'>\n\t\t\t<div class='gallery-icon landscape'>\n\t\t\t\t<a data-elementor-open-lightbox=\"yes\" data-elementor-lightbox-slideshow=\"4ce4c40\" data-elementor-lightbox-title=\"gallery_0008\" data-e-action-hash=\"#elementor-action%3Aaction%3Dlightbox%26settings%3DeyJpZCI6MTA5LCJ1cmwiOiJodHRwczpcL1wvd3d3LnBvZC1za2FsY28tYm9oaW5qLmNvbVwvd3AtY29udGVudFwvdXBsb2Fkc1wvMjAyNlwvMDNcL2dhbGxlcnlfMDAwOC5qcGciLCJzbGlkZXNob3ciOiI0Y2U0YzQwIn0%3D\" href='https:\/\/www.pod-skalco-bohinj.com\/wp-content\/uploads\/2026\/03\/gallery_0008.jpg'><img loading=\"lazy\" decoding=\"async\" width=\"2127\" height=\"1196\" src=\"https:\/\/www.pod-skalco-bohinj.com\/wp-content\/uploads\/2026\/03\/gallery_0008.jpg\" class=\"attachment-full size-full\" alt=\"\" srcset=\"https:\/\/www.pod-skalco-bohinj.com\/wp-content\/uploads\/2026\/03\/gallery_0008.jpg 2127w, https:\/\/www.pod-skalco-bohinj.com\/wp-content\/uploads\/2026\/03\/gallery_0008-300x169.jpg 300w, https:\/\/www.pod-skalco-bohinj.com\/wp-content\/uploads\/2026\/03\/gallery_0008-1024x576.jpg 1024w, https:\/\/www.pod-skalco-bohinj.com\/wp-content\/uploads\/2026\/03\/gallery_0008-768x432.jpg 768w, https:\/\/www.pod-skalco-bohinj.com\/wp-content\/uploads\/2026\/03\/gallery_0008-1536x864.jpg 1536w, https:\/\/www.pod-skalco-bohinj.com\/wp-content\/uploads\/2026\/03\/gallery_0008-2048x1152.jpg 2048w\" sizes=\"(max-width: 2127px) 100vw, 2127px\" \/><\/a>\n\t\t\t<\/div><\/figure><figure class='gallery-item'>\n\t\t\t<div class='gallery-icon landscape'>\n\t\t\t\t<a data-elementor-open-lightbox=\"yes\" data-elementor-lightbox-slideshow=\"4ce4c40\" data-elementor-lightbox-title=\"gallery_0010 (1)\" data-e-action-hash=\"#elementor-action%3Aaction%3Dlightbox%26settings%3DeyJpZCI6MTEyLCJ1cmwiOiJodHRwczpcL1wvd3d3LnBvZC1za2FsY28tYm9oaW5qLmNvbVwvd3AtY29udGVudFwvdXBsb2Fkc1wvMjAyNlwvMDNcL2dhbGxlcnlfMDAxMC0xLmpwZyIsInNsaWRlc2hvdyI6IjRjZTRjNDAifQ%3D%3D\" href='https:\/\/www.pod-skalco-bohinj.com\/wp-content\/uploads\/2026\/03\/gallery_0010-1.jpg'><img loading=\"lazy\" decoding=\"async\" width=\"2127\" height=\"1196\" src=\"https:\/\/www.pod-skalco-bohinj.com\/wp-content\/uploads\/2026\/03\/gallery_0010-1.jpg\" class=\"attachment-full size-full\" alt=\"\" srcset=\"https:\/\/www.pod-skalco-bohinj.com\/wp-content\/uploads\/2026\/03\/gallery_0010-1.jpg 2127w, https:\/\/www.pod-skalco-bohinj.com\/wp-content\/uploads\/2026\/03\/gallery_0010-1-300x169.jpg 300w, https:\/\/www.pod-skalco-bohinj.com\/wp-content\/uploads\/2026\/03\/gallery_0010-1-1024x576.jpg 1024w, https:\/\/www.pod-skalco-bohinj.com\/wp-content\/uploads\/2026\/03\/gallery_0010-1-768x432.jpg 768w, https:\/\/www.pod-skalco-bohinj.com\/wp-content\/uploads\/2026\/03\/gallery_0010-1-1536x864.jpg 1536w, https:\/\/www.pod-skalco-bohinj.com\/wp-content\/uploads\/2026\/03\/gallery_0010-1-2048x1152.jpg 2048w\" sizes=\"(max-width: 2127px) 100vw, 2127px\" \/><\/a>\n\t\t\t<\/div><\/figure>\n\t\t<\/div>\n\t\t<\/div>\n\t\t\t\t\t\t<\/div>\n\t\t\t\t\t<\/div>\n\t\t\t\t<\/div>\n\t\t<div class=\"elementor-element elementor-element-538a453d e-con-full e-flex e-con e-parent\" data-id=\"538a453d\" data-element_type=\"container\" data-e-type=\"container\">\n\t\t<div class=\"elementor-element elementor-element-7efa3f8f e-con-full e-flex e-con e-child\" data-id=\"7efa3f8f\" data-element_type=\"container\" data-e-type=\"container\" data-settings=\"{&quot;background_background&quot;:&quot;classic&quot;}\">\n\t\t\t\t<div class=\"elementor-element elementor-element-51ace256 elementor-widget elementor-widget-heading\" data-id=\"51ace256\" data-element_type=\"widget\" data-e-type=\"widget\" data-widget_type=\"heading.default\">\n\t\t\t\t\t<div class=\"elementor-heading-title elementor-size-default\">WE LOOK FORWARD TO WELCOMING YOU!<\/div>\t\t\t\t<\/div>\n\t\t\t\t<div class=\"elementor-element elementor-element-5fc1744a elementor-widget elementor-widget-heading\" data-id=\"5fc1744a\" data-element_type=\"widget\" data-e-type=\"widget\" data-widget_type=\"heading.default\">\n\t\t\t\t\t<h2 class=\"elementor-heading-title elementor-size-default\">Visit us at Lake Bohinj <\/h2>\t\t\t\t<\/div>\n\t\t\t\t<div class=\"elementor-element elementor-element-58f89d39 elementor-widget elementor-widget-text-editor\" data-id=\"58f89d39\" data-element_type=\"widget\" data-e-type=\"widget\" data-widget_type=\"text-editor.default\">\n\t\t\t\t\t\t\t\t\t<p>Pod Skalco in Rib\u010devem Laz offers an excellent base for visiting Bohinj. After a walk along Lake Bohinj or exploring the surrounding sights, you can stop at the Pod Skalco Guesthouse or the Pod Brezo snack bar and enjoy the pleasant atmosphere by the lake.<\/p>\t\t\t\t\t\t\t\t<\/div>\n\t\t\t\t<div class=\"elementor-element elementor-element-670f6d60 elementor-align-center elementor-widget elementor-widget-button\" data-id=\"670f6d60\" data-element_type=\"widget\" data-e-type=\"widget\" data-widget_type=\"button.default\">\n\t\t\t\t\t\t\t\t\t\t<a class=\"elementor-button elementor-button-link elementor-size-lg elementor-animation-shrink\" href=\"#\">\n\t\t\t\t\t\t<span class=\"elementor-button-content-wrapper\">\n\t\t\t\t\t\t\t\t\t<span class=\"elementor-button-text\">Contact<\/span>\n\t\t\t\t\t<\/span>\n\t\t\t\t\t<\/a>\n\t\t\t\t\t\t\t\t<\/div>\n\t\t\t\t<\/div>\n\t\t\t\t<\/div>\n\t\t\t\t<\/div>","protected":false},"excerpt":{"rendered":"<p>Galerija Domov \/ Galerija VESELI VAS BOMO! Obi\u0161\u010dite nas ob Bohinjskem jezeru Lokacija Pod Skalco v Rib\u010devem Lazu ponuja odli\u010dno izhodi\u0161\u010de za obisk Bohinja. Po sprehodu ob Bohinjskem jezeru ali raziskovanju okoli\u0161kih znamenitosti se lahko ustavite v gosti\u0161\u010du Pod Skalco ali snack baru Pod Brezo in u\u017eivate v prijetnem vzdu\u0161ju ob jezeru. kontakt<\/p>","protected":false},"author":1,"featured_media":0,"parent":0,"menu_order":0,"comment_status":"closed","ping_status":"closed","template":"","meta":{"footnotes":""},"class_list":["post-192","page","type-page","status-publish","hentry"],"yoast_head":"<!-- This site is optimized with the Yoast SEO plugin v27.2 - https:\/\/yoast.com\/product\/yoast-seo-wordpress\/ -->\n<title>Galerija | Pod Skalco Bohinj, Rib\u010dev Laz<\/title>\n<meta name=\"description\" content=\"Oglejte si galerijo Pod Skalco v Bohinju - fotografije Bohinjskega jezera, Rib\u010devega Laza, gosti\u0161\u010da in snack bara Pod Brezo.\" \/>\n<meta name=\"robots\" content=\"index, follow, max-snippet:-1, max-image-preview:large, max-video-preview:-1\" \/>\n<link rel=\"canonical\" href=\"https:\/\/www.pod-skalco-bohinj.com\/en\/gallery\/\" \/>\n<meta property=\"og:locale\" content=\"en_US\" \/>\n<meta property=\"og:type\" content=\"article\" \/>\n<meta property=\"og:title\" content=\"Galerija | Pod Skalco Bohinj, Rib\u010dev Laz\" \/>\n<meta property=\"og:description\" content=\"Oglejte si galerijo Pod Skalco v Bohinju - fotografije Bohinjskega jezera, Rib\u010devega Laza, gosti\u0161\u010da in snack bara Pod Brezo.\" \/>\n<meta property=\"og:url\" content=\"https:\/\/www.pod-skalco-bohinj.com\/en\/gallery\/\" \/>\n<meta property=\"og:site_name\" content=\"Pod Skalco - Bohinjsko jezero, Rib\u010dev Laz\" \/>\n<meta property=\"article:modified_time\" content=\"2026-04-16T09:23:26+00:00\" \/>\n<meta property=\"og:image\" content=\"https:\/\/www.pod-skalco-bohinj.com\/wp-content\/uploads\/2026\/03\/gallery_0001-scaled.jpg\" \/>\n<meta name=\"twitter:card\" content=\"summary_large_image\" \/>\n<meta name=\"twitter:label1\" content=\"Est. reading time\" \/>\n\t<meta name=\"twitter:data1\" content=\"2 minutes\" \/>\n<script type=\"application\/ld+json\" class=\"yoast-schema-graph\">{\"@context\":\"https:\/\/schema.org\",\"@graph\":[{\"@type\":\"WebPage\",\"@id\":\"https:\/\/www.pod-skalco-bohinj.com\/galerija\/\",\"url\":\"https:\/\/www.pod-skalco-bohinj.com\/galerija\/\",\"name\":\"Galerija | Pod Skalco Bohinj, Rib\u010dev Laz\",\"isPartOf\":{\"@id\":\"https:\/\/www.pod-skalco-bohinj.com\/#website\"},\"primaryImageOfPage\":{\"@id\":\"https:\/\/www.pod-skalco-bohinj.com\/galerija\/#primaryimage\"},\"image\":{\"@id\":\"https:\/\/www.pod-skalco-bohinj.com\/galerija\/#primaryimage\"},\"thumbnailUrl\":\"https:\/\/www.pod-skalco-bohinj.com\/wp-content\/uploads\/2026\/03\/gallery_0001-scaled.jpg\",\"datePublished\":\"2026-04-07T07:13:07+00:00\",\"dateModified\":\"2026-04-16T09:23:26+00:00\",\"description\":\"Oglejte si galerijo Pod Skalco v Bohinju - fotografije Bohinjskega jezera, Rib\u010devega Laza, gosti\u0161\u010da in snack bara Pod Brezo.\",\"breadcrumb\":{\"@id\":\"https:\/\/www.pod-skalco-bohinj.com\/galerija\/#breadcrumb\"},\"inLanguage\":\"en-US\",\"potentialAction\":[{\"@type\":\"ReadAction\",\"target\":[\"https:\/\/www.pod-skalco-bohinj.com\/galerija\/\"]}]},{\"@type\":\"ImageObject\",\"inLanguage\":\"en-US\",\"@id\":\"https:\/\/www.pod-skalco-bohinj.com\/galerija\/#primaryimage\",\"url\":\"https:\/\/www.pod-skalco-bohinj.com\/wp-content\/uploads\/2026\/03\/gallery_0001-scaled.jpg\",\"contentUrl\":\"https:\/\/www.pod-skalco-bohinj.com\/wp-content\/uploads\/2026\/03\/gallery_0001-scaled.jpg\"},{\"@type\":\"BreadcrumbList\",\"@id\":\"https:\/\/www.pod-skalco-bohinj.com\/galerija\/#breadcrumb\",\"itemListElement\":[{\"@type\":\"ListItem\",\"position\":1,\"name\":\"Home\",\"item\":\"https:\/\/www.pod-skalco-bohinj.com\/\"},{\"@type\":\"ListItem\",\"position\":2,\"name\":\"Galerija\"}]},{\"@type\":\"WebSite\",\"@id\":\"https:\/\/www.pod-skalco-bohinj.com\/#website\",\"url\":\"https:\/\/www.pod-skalco-bohinj.com\/\",\"name\":\"Pod Skalco - Bohinjsko jezero, Rib\u010dev Laz\",\"description\":\"Gosti\u0161\u010de Pod Skalco | Snack bar Pod Brezo | Plezalna stena Pod Skalco\",\"publisher\":{\"@id\":\"https:\/\/www.pod-skalco-bohinj.com\/#organization\"},\"potentialAction\":[{\"@type\":\"SearchAction\",\"target\":{\"@type\":\"EntryPoint\",\"urlTemplate\":\"https:\/\/www.pod-skalco-bohinj.com\/?s={search_term_string}\"},\"query-input\":{\"@type\":\"PropertyValueSpecification\",\"valueRequired\":true,\"valueName\":\"search_term_string\"}}],\"inLanguage\":\"en-US\"},{\"@type\":\"Organization\",\"@id\":\"https:\/\/www.pod-skalco-bohinj.com\/#organization\",\"name\":\"Pod Skalco - Bohinjsko jezero, Rib\u010dev Laz\",\"url\":\"https:\/\/www.pod-skalco-bohinj.com\/\",\"logo\":{\"@type\":\"ImageObject\",\"inLanguage\":\"en-US\",\"@id\":\"https:\/\/www.pod-skalco-bohinj.com\/#\/schema\/logo\/image\/\",\"url\":\"https:\/\/www.pod-skalco-bohinj.com\/wp-content\/uploads\/2026\/03\/cropped-LOGO-SKALCA-BREZA-2022_page-0001.png\",\"contentUrl\":\"https:\/\/www.pod-skalco-bohinj.com\/wp-content\/uploads\/2026\/03\/cropped-LOGO-SKALCA-BREZA-2022_page-0001.png\",\"width\":512,\"height\":512,\"caption\":\"Pod Skalco - Bohinjsko jezero, Rib\u010dev Laz\"},\"image\":{\"@id\":\"https:\/\/www.pod-skalco-bohinj.com\/#\/schema\/logo\/image\/\"}}]}<\/script>\n<!-- \/ Yoast SEO plugin. -->","yoast_head_json":{"title":"Gallery | Pod Skalco Bohinj, Rib\u010dev Laz","description":"View the gallery Pod Skalco in Bohinj - photos of Lake Bohinj, Rib\u010dev L\u00e1zn\u011b, the Pod Brezo guesthouse and snack bar.","robots":{"index":"index","follow":"follow","max-snippet":"max-snippet:-1","max-image-preview":"max-image-preview:large","max-video-preview":"max-video-preview:-1"},"canonical":"https:\/\/www.pod-skalco-bohinj.com\/en\/gallery\/","og_locale":"en_US","og_type":"article","og_title":"Galerija | Pod Skalco Bohinj, Rib\u010dev Laz","og_description":"Oglejte si galerijo Pod Skalco v Bohinju - fotografije Bohinjskega jezera, Rib\u010devega Laza, gosti\u0161\u010da in snack bara Pod Brezo.","og_url":"https:\/\/www.pod-skalco-bohinj.com\/en\/gallery\/","og_site_name":"Pod Skalco - Bohinjsko jezero, Rib\u010dev Laz","article_modified_time":"2026-04-16T09:23:26+00:00","og_image":[{"url":"https:\/\/www.pod-skalco-bohinj.com\/wp-content\/uploads\/2026\/03\/gallery_0001-scaled.jpg","type":"","width":"","height":""}],"twitter_card":"summary_large_image","twitter_misc":{"Est. reading time":"2 minutes"},"schema":{"@context":"https:\/\/schema.org","@graph":[{"@type":"WebPage","@id":"https:\/\/www.pod-skalco-bohinj.com\/galerija\/","url":"https:\/\/www.pod-skalco-bohinj.com\/galerija\/","name":"Gallery | Pod Skalco Bohinj, Rib\u010dev Laz","isPartOf":{"@id":"https:\/\/www.pod-skalco-bohinj.com\/#website"},"primaryImageOfPage":{"@id":"https:\/\/www.pod-skalco-bohinj.com\/galerija\/#primaryimage"},"image":{"@id":"https:\/\/www.pod-skalco-bohinj.com\/galerija\/#primaryimage"},"thumbnailUrl":"https:\/\/www.pod-skalco-bohinj.com\/wp-content\/uploads\/2026\/03\/gallery_0001-scaled.jpg","datePublished":"2026-04-07T07:13:07+00:00","dateModified":"2026-04-16T09:23:26+00:00","description":"View the gallery Pod Skalco in Bohinj - photos of Lake Bohinj, Rib\u010dev L\u00e1zn\u011b, the Pod Brezo guesthouse and snack bar.","breadcrumb":{"@id":"https:\/\/www.pod-skalco-bohinj.com\/galerija\/#breadcrumb"},"inLanguage":"en-US","potentialAction":[{"@type":"ReadAction","target":["https:\/\/www.pod-skalco-bohinj.com\/galerija\/"]}]},{"@type":"ImageObject","inLanguage":"en-US","@id":"https:\/\/www.pod-skalco-bohinj.com\/galerija\/#primaryimage","url":"https:\/\/www.pod-skalco-bohinj.com\/wp-content\/uploads\/2026\/03\/gallery_0001-scaled.jpg","contentUrl":"https:\/\/www.pod-skalco-bohinj.com\/wp-content\/uploads\/2026\/03\/gallery_0001-scaled.jpg"},{"@type":"BreadcrumbList","@id":"https:\/\/www.pod-skalco-bohinj.com\/galerija\/#breadcrumb","itemListElement":[{"@type":"ListItem","position":1,"name":"Home","item":"https:\/\/www.pod-skalco-bohinj.com\/"},{"@type":"ListItem","position":2,"name":"Galerija"}]},{"@type":"WebSite","@id":"https:\/\/www.pod-skalco-bohinj.com\/#website","url":"https:\/\/www.pod-skalco-bohinj.com\/","name":"Pod Skalco - Lake Bohinj, Rib\u010dev Laz","description":"Pod Skalco Guesthouse | Snack bar Pod Brezo | Climbing wall Pod Skalco","publisher":{"@id":"https:\/\/www.pod-skalco-bohinj.com\/#organization"},"potentialAction":[{"@type":"SearchAction","target":{"@type":"EntryPoint","urlTemplate":"https:\/\/www.pod-skalco-bohinj.com\/?s={search_term_string}"},"query-input":{"@type":"PropertyValueSpecification","valueRequired":true,"valueName":"search_term_string"}}],"inLanguage":"en-US"},{"@type":"Organization","@id":"https:\/\/www.pod-skalco-bohinj.com\/#organization","name":"Pod Skalco - Lake Bohinj, Rib\u010dev Laz","url":"https:\/\/www.pod-skalco-bohinj.com\/","logo":{"@type":"ImageObject","inLanguage":"en-US","@id":"https:\/\/www.pod-skalco-bohinj.com\/#\/schema\/logo\/image\/","url":"https:\/\/www.pod-skalco-bohinj.com\/wp-content\/uploads\/2026\/03\/cropped-LOGO-SKALCA-BREZA-2022_page-0001.png","contentUrl":"https:\/\/www.pod-skalco-bohinj.com\/wp-content\/uploads\/2026\/03\/cropped-LOGO-SKALCA-BREZA-2022_page-0001.png","width":512,"height":512,"caption":"Pod Skalco - Bohinjsko jezero, Rib\u010dev Laz"},"image":{"@id":"https:\/\/www.pod-skalco-bohinj.com\/#\/schema\/logo\/image\/"}}]}},"_links":{"self":[{"href":"https:\/\/www.pod-skalco-bohinj.com\/en\/wp-json\/wp\/v2\/pages\/192","targetHints":{"allow":["GET"]}}],"collection":[{"href":"https:\/\/www.pod-skalco-bohinj.com\/en\/wp-json\/wp\/v2\/pages"}],"about":[{"href":"https:\/\/www.pod-skalco-bohinj.com\/en\/wp-json\/wp\/v2\/types\/page"}],"author":[{"embeddable":true,"href":"https:\/\/www.pod-skalco-bohinj.com\/en\/wp-json\/wp\/v2\/users\/1"}],"replies":[{"embeddable":true,"href":"https:\/\/www.pod-skalco-bohinj.com\/en\/wp-json\/wp\/v2\/comments?post=192"}],"version-history":[{"count":7,"href":"https:\/\/www.pod-skalco-bohinj.com\/en\/wp-json\/wp\/v2\/pages\/192\/revisions"}],"predecessor-version":[{"id":214,"href":"https:\/\/www.pod-skalco-bohinj.com\/en\/wp-json\/wp\/v2\/pages\/192\/revisions\/214"}],"wp:attachment":[{"href":"https:\/\/www.pod-skalco-bohinj.com\/en\/wp-json\/wp\/v2\/media?parent=192"}],"curies":[{"name":"wp","href":"https:\/\/api.w.org\/{rel}","templated":true}]}}