{"id":216,"date":"2026-04-16T09:27:22","date_gmt":"2026-04-16T09:27:22","guid":{"rendered":"https:\/\/www.pod-skalco-bohinj.com\/?page_id=216"},"modified":"2026-04-16T09:59:41","modified_gmt":"2026-04-16T09:59:41","slug":"contact","status":"publish","type":"page","link":"https:\/\/www.pod-skalco-bohinj.com\/en\/kontakt\/","title":{"rendered":"Contact"},"content":{"rendered":"<div data-elementor-type=\"wp-page\" data-elementor-id=\"216\" class=\"elementor elementor-216\" data-elementor-post-type=\"page\">\n\t\t\t\t<div class=\"elementor-element elementor-element-1b8295d1 e-flex e-con-boxed e-con e-parent\" data-id=\"1b8295d1\" data-element_type=\"container\" data-e-type=\"container\" data-settings=\"{&quot;background_background&quot;:&quot;classic&quot;}\">\n\t\t\t\t\t<div class=\"e-con-inner\">\n\t\t\t\t<div class=\"elementor-element elementor-element-50f8a0df elementor-widget elementor-widget-elementskit-heading\" data-id=\"50f8a0df\" data-element_type=\"widget\" data-e-type=\"widget\" data-widget_type=\"elementskit-heading.default\">\n\t\t\t\t\t<div class=\"ekit-wid-con\" ><div class=\"ekit-heading elementskit-section-title-wraper text_center   ekit_heading_tablet-text_center   ekit_heading_mobile-\"><h1 class=\"ekit-heading--title elementskit-section-title\">Contact<\/h1><\/div><\/div>\t\t\t\t<\/div>\n\t\t\t\t<div class=\"elementor-element elementor-element-6cd57ad3 elementor-widget elementor-widget-text-editor\" data-id=\"6cd57ad3\" data-element_type=\"widget\" data-e-type=\"widget\" data-widget_type=\"text-editor.default\">\n\t\t\t\t\t\t\t\t\t<p>Home \/ <a href=\"#\">Contact<\/a><\/p>\t\t\t\t\t\t\t\t<\/div>\n\t\t\t\t\t<\/div>\n\t\t\t\t<\/div>\n\t\t<div class=\"elementor-element elementor-element-824e87c e-flex e-con-boxed e-con e-parent\" data-id=\"824e87c\" data-element_type=\"container\" data-e-type=\"container\">\n\t\t\t\t\t<div class=\"e-con-inner\">\n\t\t<div class=\"elementor-element elementor-element-1264d4b7 e-con-full e-flex e-con e-child\" data-id=\"1264d4b7\" data-element_type=\"container\" data-e-type=\"container\">\n\t\t\t\t<div class=\"elementor-element elementor-element-4d7b0ffe elementor-widget elementor-widget-image\" data-id=\"4d7b0ffe\" data-element_type=\"widget\" data-e-type=\"widget\" data-widget_type=\"image.default\">\n\t\t\t\t\t\t\t\t\t\t\t\t\t\t\t<img fetchpriority=\"high\" decoding=\"async\" width=\"2560\" height=\"1709\" src=\"https:\/\/www.pod-skalco-bohinj.com\/wp-content\/uploads\/2026\/03\/bohinj-lake-slovenia-2026-01-07-00-45-21-utc-scaled.jpg\" class=\"attachment-full size-full wp-image-126\" alt=\"\" srcset=\"https:\/\/www.pod-skalco-bohinj.com\/wp-content\/uploads\/2026\/03\/bohinj-lake-slovenia-2026-01-07-00-45-21-utc-scaled.jpg 2560w, https:\/\/www.pod-skalco-bohinj.com\/wp-content\/uploads\/2026\/03\/bohinj-lake-slovenia-2026-01-07-00-45-21-utc-300x200.jpg 300w, https:\/\/www.pod-skalco-bohinj.com\/wp-content\/uploads\/2026\/03\/bohinj-lake-slovenia-2026-01-07-00-45-21-utc-1024x684.jpg 1024w, https:\/\/www.pod-skalco-bohinj.com\/wp-content\/uploads\/2026\/03\/bohinj-lake-slovenia-2026-01-07-00-45-21-utc-768x513.jpg 768w, https:\/\/www.pod-skalco-bohinj.com\/wp-content\/uploads\/2026\/03\/bohinj-lake-slovenia-2026-01-07-00-45-21-utc-1536x1025.jpg 1536w, https:\/\/www.pod-skalco-bohinj.com\/wp-content\/uploads\/2026\/03\/bohinj-lake-slovenia-2026-01-07-00-45-21-utc-2048x1367.jpg 2048w\" sizes=\"(max-width: 2560px) 100vw, 2560px\" \/>\t\t\t\t\t\t\t\t\t\t\t\t\t\t\t<\/div>\n\t\t\t\t<div class=\"elementor-element elementor-element-15a08cb4 elementor-widget elementor-widget-image\" data-id=\"15a08cb4\" data-element_type=\"widget\" data-e-type=\"widget\" data-widget_type=\"image.default\">\n\t\t\t\t\t\t\t\t\t\t\t\t\t\t\t<img decoding=\"async\" width=\"1600\" height=\"1709\" src=\"https:\/\/www.pod-skalco-bohinj.com\/wp-content\/uploads\/2026\/03\/boat-on-bohinj-lake-in-an-autumn-landscape-2026-03-09-03-25-26-utc-1-scaled-e1773129850360.jpg\" class=\"attachment-full size-full wp-image-138\" alt=\"\" srcset=\"https:\/\/www.pod-skalco-bohinj.com\/wp-content\/uploads\/2026\/03\/boat-on-bohinj-lake-in-an-autumn-landscape-2026-03-09-03-25-26-utc-1-scaled-e1773129850360.jpg 1600w, https:\/\/www.pod-skalco-bohinj.com\/wp-content\/uploads\/2026\/03\/boat-on-bohinj-lake-in-an-autumn-landscape-2026-03-09-03-25-26-utc-1-scaled-e1773129850360-281x300.jpg 281w, https:\/\/www.pod-skalco-bohinj.com\/wp-content\/uploads\/2026\/03\/boat-on-bohinj-lake-in-an-autumn-landscape-2026-03-09-03-25-26-utc-1-scaled-e1773129850360-959x1024.jpg 959w, https:\/\/www.pod-skalco-bohinj.com\/wp-content\/uploads\/2026\/03\/boat-on-bohinj-lake-in-an-autumn-landscape-2026-03-09-03-25-26-utc-1-scaled-e1773129850360-768x820.jpg 768w, https:\/\/www.pod-skalco-bohinj.com\/wp-content\/uploads\/2026\/03\/boat-on-bohinj-lake-in-an-autumn-landscape-2026-03-09-03-25-26-utc-1-scaled-e1773129850360-1438x1536.jpg 1438w\" sizes=\"(max-width: 1600px) 100vw, 1600px\" \/>\t\t\t\t\t\t\t\t\t\t\t\t\t\t\t<\/div>\n\t\t<div class=\"elementor-element elementor-element-fdb6298 e-con-full e-flex e-con e-child\" data-id=\"fdb6298\" data-element_type=\"container\" data-e-type=\"container\">\n\t\t\t\t<\/div>\n\t\t\t\t<\/div>\n\t\t<div class=\"elementor-element elementor-element-79a0d171 e-con-full e-flex e-con e-child\" data-id=\"79a0d171\" data-element_type=\"container\" data-e-type=\"container\">\n\t\t\t\t<div class=\"elementor-element elementor-element-6f9af28a elementor-widget elementor-widget-elementskit-heading\" data-id=\"6f9af28a\" data-element_type=\"widget\" data-e-type=\"widget\" data-widget_type=\"elementskit-heading.default\">\n\t\t\t\t\t<div class=\"ekit-wid-con\" ><div class=\"ekit-heading elementskit-section-title-wraper text_left   ekit_heading_tablet-text_center   ekit_heading_mobile-\"><h2 class=\"ekit-heading--title elementskit-section-title\">Pod Skalco - Lake Bohinj, Rib\u010dev Laz<\/h2><\/div><\/div>\t\t\t\t<\/div>\n\t\t\t\t<div class=\"elementor-element elementor-element-2d1f4825 elementor-widget elementor-widget-text-editor\" data-id=\"2d1f4825\" data-element_type=\"widget\" data-e-type=\"widget\" data-widget_type=\"text-editor.default\">\n\t\t\t\t\t\t\t\t\t<div class=\"elementor-element elementor-element-18d12936 elementor-widget elementor-widget-heading\" data-id=\"18d12936\" data-element_type=\"widget\" data-e-type=\"widget\" data-widget_type=\"heading.default\"><div class=\"elementor-heading-title elementor-size-default\">Contact details<\/div><\/div>\t\t\t\t\t\t\t\t<\/div>\n\t\t\t\t<div class=\"elementor-element elementor-element-28229a5 elementor-icon-list--layout-traditional elementor-list-item-link-full_width elementor-widget elementor-widget-icon-list\" data-id=\"28229a5\" data-element_type=\"widget\" data-e-type=\"widget\" data-widget_type=\"icon-list.default\">\n\t\t\t\t\t\t\t<ul class=\"elementor-icon-list-items\">\n\t\t\t\t\t\t\t<li class=\"elementor-icon-list-item\">\n\t\t\t\t\t\t\t\t\t\t\t<a href=\"tel:041375563\">\n\n\t\t\t\t\t\t\t\t\t\t\t\t<span class=\"elementor-icon-list-icon\">\n\t\t\t\t\t\t\t<svg aria-hidden=\"true\" class=\"e-font-icon-svg e-fas-phone-alt\" viewbox=\"0 0 512 512\" xmlns=\"http:\/\/www.w3.org\/2000\/svg\"><path d=\"M497.39 361.8l-112-48a24 24 0 0 0-28 6.9l-49.6 60.6A370.66 370.66 0 0 1 130.6 204.11l60.6-49.6a23.94 23.94 0 0 0 6.9-28l-48-112A24.16 24.16 0 0 0 122.6.61l-104 24A24 24 0 0 0 0 48c0 256.5 207.9 464 464 464a24 24 0 0 0 23.4-18.6l24-104a24.29 24.29 0 0 0-14.01-27.6z\"><\/path><\/svg>\t\t\t\t\t\t<\/span>\n\t\t\t\t\t\t\t\t\t\t<span class=\"elementor-icon-list-text\">041 375 563<\/span>\n\t\t\t\t\t\t\t\t\t\t\t<\/a>\n\t\t\t\t\t\t\t\t\t<\/li>\n\t\t\t\t\t\t\t\t<li class=\"elementor-icon-list-item\">\n\t\t\t\t\t\t\t\t\t\t\t<a href=\"mailto:borut.rozman@amis.net\">\n\n\t\t\t\t\t\t\t\t\t\t\t\t<span class=\"elementor-icon-list-icon\">\n\t\t\t\t\t\t\t<svg aria-hidden=\"true\" class=\"e-font-icon-svg e-fas-envelope\" viewbox=\"0 0 512 512\" xmlns=\"http:\/\/www.w3.org\/2000\/svg\"><path d=\"M502.3 190.8c3.9-3.1 9.7-.2 9.7 4.7V400c0 26.5-21.5 48-48 48H48c-26.5 0-48-21.5-48-48V195.6c0-5 5.7-7.8 9.7-4.7 22.4 17.4 52.1 39.5 154.1 113.6 21.1 15.4 56.7 47.8 92.2 47.6 35.7.3 72-32.8 92.3-47.6 102-74.1 131.6-96.3 154-113.7zM256 320c23.2.4 56.6-29.2 73.4-41.4 132.7-96.3 142.8-104.7 173.4-128.7 5.8-4.5 9.2-11.5 9.2-18.9v-19c0-26.5-21.5-48-48-48H48C21.5 64 0 85.5 0 112v19c0 7.4 3.4 14.3 9.2 18.9 30.6 23.9 40.7 32.4 173.4 128.7 16.8 12.2 50.2 41.8 73.4 41.4z\"><\/path><\/svg>\t\t\t\t\t\t<\/span>\n\t\t\t\t\t\t\t\t\t\t<span class=\"elementor-icon-list-text\">borut.rozman@amis.net<\/span>\n\t\t\t\t\t\t\t\t\t\t\t<\/a>\n\t\t\t\t\t\t\t\t\t<\/li>\n\t\t\t\t\t\t\t\t<li class=\"elementor-icon-list-item\">\n\t\t\t\t\t\t\t\t\t\t\t<span class=\"elementor-icon-list-icon\">\n\t\t\t\t\t\t\t<svg aria-hidden=\"true\" class=\"e-font-icon-svg e-fas-map-marker-alt\" viewbox=\"0 0 384 512\" xmlns=\"http:\/\/www.w3.org\/2000\/svg\"><path d=\"M172.268 501.67C26.97 291.031 0 269.413 0 192 0 85.961 85.961 0 192 0s192 85.961 192 192c0 77.413-26.97 99.031-172.268 309.67-9.535 13.774-29.93 13.773-39.464 0zM192 272c44.183 0 80-35.817 80-80s-35.817-80-80-80-80 35.817-80 80 35.817 80 80 80z\"><\/path><\/svg>\t\t\t\t\t\t<\/span>\n\t\t\t\t\t\t\t\t\t\t<span class=\"elementor-icon-list-text\">Rib\u010dev laz 58 - Bohinj (Event space)<\/span>\n\t\t\t\t\t\t\t\t\t<\/li>\n\t\t\t\t\t\t\t\t<li class=\"elementor-icon-list-item\">\n\t\t\t\t\t\t\t\t\t\t\t<a href=\"http:\/\/Rib\u010dev%20laz%2055%20(Snack%20Bar)\">\n\n\t\t\t\t\t\t\t\t\t\t\t\t<span class=\"elementor-icon-list-icon\">\n\t\t\t\t\t\t\t<svg aria-hidden=\"true\" class=\"e-font-icon-svg e-fas-map-marker-alt\" viewbox=\"0 0 384 512\" xmlns=\"http:\/\/www.w3.org\/2000\/svg\"><path d=\"M172.268 501.67C26.97 291.031 0 269.413 0 192 0 85.961 85.961 0 192 0s192 85.961 192 192c0 77.413-26.97 99.031-172.268 309.67-9.535 13.774-29.93 13.773-39.464 0zM192 272c44.183 0 80-35.817 80-80s-35.817-80-80-80-80 35.817-80 80 35.817 80 80 80z\"><\/path><\/svg>\t\t\t\t\t\t<\/span>\n\t\t\t\t\t\t\t\t\t\t<span class=\"elementor-icon-list-text\">Rib\u010dev laz 58 - Bohinj (Event space)<\/span>\n\t\t\t\t\t\t\t\t\t\t\t<\/a>\n\t\t\t\t\t\t\t\t\t<\/li>\n\t\t\t\t\t\t<\/ul>\n\t\t\t\t\t\t<\/div>\n\t\t\t\t<div class=\"elementor-element elementor-element-396ff04 elementor-widget elementor-widget-text-editor\" data-id=\"396ff04\" data-element_type=\"widget\" data-e-type=\"widget\" data-widget_type=\"text-editor.default\">\n\t\t\t\t\t\t\t\t\t<div class=\"elementor-element elementor-element-18d12936 elementor-widget elementor-widget-heading\" data-id=\"18d12936\" data-element_type=\"widget\" data-e-type=\"widget\" data-widget_type=\"heading.default\"><div class=\"elementor-heading-title elementor-size-default\">Opening hours<\/div><\/div>\t\t\t\t\t\t\t\t<\/div>\n\t\t\t\t<div class=\"elementor-element elementor-element-02d5d6b elementor-widget elementor-widget-text-editor\" data-id=\"02d5d6b\" data-element_type=\"widget\" data-e-type=\"widget\" data-widget_type=\"text-editor.default\">\n\t\t\t\t\t\t\t\t\t<p><strong>Pod Skalco (May to October)<\/strong><br \/>from 11.30 to 21.30<\/p><p><strong>Pod Brezo (April to November)<\/strong><br \/>from 9h to 22h<\/p>\t\t\t\t\t\t\t\t<\/div>\n\t\t\t\t<\/div>\n\t\t\t\t\t<\/div>\n\t\t\t\t<\/div>\n\t\t<div class=\"elementor-element elementor-element-76507de8 e-flex e-con-boxed e-con e-parent\" data-id=\"76507de8\" data-element_type=\"container\" data-e-type=\"container\">\n\t\t\t\t\t<div class=\"e-con-inner\">\n\t\t<div class=\"elementor-element elementor-element-7b3151a5 e-con-full e-flex e-con e-child\" data-id=\"7b3151a5\" data-element_type=\"container\" data-e-type=\"container\">\n\t\t\t\t<div class=\"elementor-element elementor-element-28abe4b2 elementor-widget elementor-widget-heading\" data-id=\"28abe4b2\" data-element_type=\"widget\" data-e-type=\"widget\" data-widget_type=\"heading.default\">\n\t\t\t\t\t<h3 class=\"elementor-heading-title elementor-size-default\">How to reach us?<\/h3>\t\t\t\t<\/div>\n\t\t\t\t<div class=\"elementor-element elementor-element-46f89171 elementor-widget elementor-widget-text-editor\" data-id=\"46f89171\" data-element_type=\"widget\" data-e-type=\"widget\" data-widget_type=\"text-editor.default\">\n\t\t\t\t\t\t\t\t\t<p>Pod Skalco is located in Rib\u010dev Laz. Access is easy by car, on foot or by bike, as the Lake Bohinj area is well connected to local roads and walking trails.<\/p><p>You can also see the exact location on the interactive map.\u00a0<\/p><p>When visiting Pod Skalco, there is also a car park near Lake Bohinj and Rib\u010dev L\u00e1zn\u011b, where visitors can easily park and then walk <strong>( 50-100m )<\/strong> go to the Pod Skalco restaurant or the Pod Brezo snack bar. Due to the popularity of the Lake Bohinj area, we recommend planning your arrival a little earlier during the main tourist season.<\/p>\t\t\t\t\t\t\t\t<\/div>\n\t\t\t\t<\/div>\n\t\t<div class=\"elementor-element elementor-element-6b8e9e74 e-con-full e-flex e-con e-child\" data-id=\"6b8e9e74\" data-element_type=\"container\" data-e-type=\"container\">\n\t\t\t\t<div class=\"elementor-element elementor-element-5ea09fdf elementor-widget elementor-widget-google_maps\" data-id=\"5ea09fdf\" data-element_type=\"widget\" data-e-type=\"widget\" data-widget_type=\"google_maps.default\">\n\t\t\t\t\t\t\t<div class=\"elementor-custom-embed\">\n\t\t\t<iframe loading=\"lazy\"\n\t\t\t\t\tsrc=\"https:\/\/maps.google.com\/maps?q=pod%20skalco%20bohinj&#038;t=m&#038;z=14&#038;output=embed&#038;iwloc=near\"\n\t\t\t\t\ttitle=\"under the rock bohinj\"\n\t\t\t\t\taria-label=\"under the rock bohinj\"\n\t\t\t><\/iframe>\n\t\t<\/div>\n\t\t\t\t\t\t<\/div>\n\t\t\t\t<\/div>\n\t\t\t\t\t<\/div>\n\t\t\t\t<\/div>\n\t\t\t\t<\/div>","protected":false},"excerpt":{"rendered":"<p>Kontakt Domov \/ Kontakt Pod Skalco &#8211; Bohinjsko jezero, Rib\u010dev Laz Kontaktni podatki 041 375 563 borut.rozman@amis.net Rib\u010dev laz 58 &#8211; Bohinj (Prireditveni prostor) Rib\u010dev laz 58 &#8211; Bohinj (Prireditveni prostor) Odpiralni \u010das Pod skalco (od maja do oktobra)od 11.30 do 21.30 Pod brezo (od aprila do novembra)od 9h do 22h Kako do nas? Lokacija [&hellip;]<\/p>\n","protected":false},"author":1,"featured_media":0,"parent":0,"menu_order":0,"comment_status":"closed","ping_status":"closed","template":"","meta":{"footnotes":""},"class_list":["post-216","page","type-page","status-publish","hentry"],"yoast_head":"<!-- This site is optimized with the Yoast SEO plugin v27.2 - https:\/\/yoast.com\/product\/yoast-seo-wordpress\/ -->\n<title>Kontakt | Pod Skalco Bohinj, Rib\u010dev Laz<\/title>\n<meta name=\"description\" content=\"Kontaktirajte Pod Skalco v Bohinju ali nas obi\u0161\u010dite v Rib\u010devem Lazu ob Bohinjskem jezeru. Preverite lokacijo, delovni \u010das in vse informacije.\" \/>\n<meta name=\"robots\" content=\"index, follow, max-snippet:-1, max-image-preview:large, max-video-preview:-1\" \/>\n<link rel=\"canonical\" href=\"https:\/\/www.pod-skalco-bohinj.com\/en\/contact\/\" \/>\n<meta property=\"og:locale\" content=\"en_US\" \/>\n<meta property=\"og:type\" content=\"article\" \/>\n<meta property=\"og:title\" content=\"Kontakt | Pod Skalco Bohinj, Rib\u010dev Laz\" \/>\n<meta property=\"og:description\" content=\"Kontaktirajte Pod Skalco v Bohinju ali nas obi\u0161\u010dite v Rib\u010devem Lazu ob Bohinjskem jezeru. Preverite lokacijo, delovni \u010das in vse informacije.\" \/>\n<meta property=\"og:url\" content=\"https:\/\/www.pod-skalco-bohinj.com\/en\/contact\/\" \/>\n<meta property=\"og:site_name\" content=\"Pod Skalco - Bohinjsko jezero, Rib\u010dev Laz\" \/>\n<meta property=\"article:modified_time\" content=\"2026-04-16T09:59:41+00:00\" \/>\n<meta property=\"og:image\" content=\"https:\/\/www.pod-skalco-bohinj.com\/wp-content\/uploads\/2026\/03\/bohinj-lake-slovenia-2026-01-07-00-45-21-utc-scaled.jpg\" \/>\n<meta name=\"twitter:card\" content=\"summary_large_image\" \/>\n<meta name=\"twitter:label1\" content=\"Est. reading time\" \/>\n\t<meta name=\"twitter:data1\" content=\"2 minutes\" \/>\n<script type=\"application\/ld+json\" class=\"yoast-schema-graph\">{\"@context\":\"https:\/\/schema.org\",\"@graph\":[{\"@type\":\"WebPage\",\"@id\":\"https:\/\/www.pod-skalco-bohinj.com\/kontakt\/\",\"url\":\"https:\/\/www.pod-skalco-bohinj.com\/kontakt\/\",\"name\":\"Kontakt | Pod Skalco Bohinj, Rib\u010dev Laz\",\"isPartOf\":{\"@id\":\"https:\/\/www.pod-skalco-bohinj.com\/#website\"},\"primaryImageOfPage\":{\"@id\":\"https:\/\/www.pod-skalco-bohinj.com\/kontakt\/#primaryimage\"},\"image\":{\"@id\":\"https:\/\/www.pod-skalco-bohinj.com\/kontakt\/#primaryimage\"},\"thumbnailUrl\":\"https:\/\/www.pod-skalco-bohinj.com\/wp-content\/uploads\/2026\/03\/bohinj-lake-slovenia-2026-01-07-00-45-21-utc-scaled.jpg\",\"datePublished\":\"2026-04-16T09:27:22+00:00\",\"dateModified\":\"2026-04-16T09:59:41+00:00\",\"description\":\"Kontaktirajte Pod Skalco v Bohinju ali nas obi\u0161\u010dite v Rib\u010devem Lazu ob Bohinjskem jezeru. Preverite lokacijo, delovni \u010das in vse informacije.\",\"breadcrumb\":{\"@id\":\"https:\/\/www.pod-skalco-bohinj.com\/kontakt\/#breadcrumb\"},\"inLanguage\":\"en-US\",\"potentialAction\":[{\"@type\":\"ReadAction\",\"target\":[\"https:\/\/www.pod-skalco-bohinj.com\/kontakt\/\"]}]},{\"@type\":\"ImageObject\",\"inLanguage\":\"en-US\",\"@id\":\"https:\/\/www.pod-skalco-bohinj.com\/kontakt\/#primaryimage\",\"url\":\"https:\/\/www.pod-skalco-bohinj.com\/wp-content\/uploads\/2026\/03\/bohinj-lake-slovenia-2026-01-07-00-45-21-utc-scaled.jpg\",\"contentUrl\":\"https:\/\/www.pod-skalco-bohinj.com\/wp-content\/uploads\/2026\/03\/bohinj-lake-slovenia-2026-01-07-00-45-21-utc-scaled.jpg\"},{\"@type\":\"BreadcrumbList\",\"@id\":\"https:\/\/www.pod-skalco-bohinj.com\/kontakt\/#breadcrumb\",\"itemListElement\":[{\"@type\":\"ListItem\",\"position\":1,\"name\":\"Home\",\"item\":\"https:\/\/www.pod-skalco-bohinj.com\/\"},{\"@type\":\"ListItem\",\"position\":2,\"name\":\"Kontakt\"}]},{\"@type\":\"WebSite\",\"@id\":\"https:\/\/www.pod-skalco-bohinj.com\/#website\",\"url\":\"https:\/\/www.pod-skalco-bohinj.com\/\",\"name\":\"Pod Skalco - Bohinjsko jezero, Rib\u010dev Laz\",\"description\":\"Gosti\u0161\u010de Pod Skalco | Snack bar Pod Brezo | Plezalna stena Pod Skalco\",\"publisher\":{\"@id\":\"https:\/\/www.pod-skalco-bohinj.com\/#organization\"},\"potentialAction\":[{\"@type\":\"SearchAction\",\"target\":{\"@type\":\"EntryPoint\",\"urlTemplate\":\"https:\/\/www.pod-skalco-bohinj.com\/?s={search_term_string}\"},\"query-input\":{\"@type\":\"PropertyValueSpecification\",\"valueRequired\":true,\"valueName\":\"search_term_string\"}}],\"inLanguage\":\"en-US\"},{\"@type\":\"Organization\",\"@id\":\"https:\/\/www.pod-skalco-bohinj.com\/#organization\",\"name\":\"Pod Skalco - Bohinjsko jezero, Rib\u010dev Laz\",\"url\":\"https:\/\/www.pod-skalco-bohinj.com\/\",\"logo\":{\"@type\":\"ImageObject\",\"inLanguage\":\"en-US\",\"@id\":\"https:\/\/www.pod-skalco-bohinj.com\/#\/schema\/logo\/image\/\",\"url\":\"https:\/\/www.pod-skalco-bohinj.com\/wp-content\/uploads\/2026\/03\/cropped-LOGO-SKALCA-BREZA-2022_page-0001.png\",\"contentUrl\":\"https:\/\/www.pod-skalco-bohinj.com\/wp-content\/uploads\/2026\/03\/cropped-LOGO-SKALCA-BREZA-2022_page-0001.png\",\"width\":512,\"height\":512,\"caption\":\"Pod Skalco - Bohinjsko jezero, Rib\u010dev Laz\"},\"image\":{\"@id\":\"https:\/\/www.pod-skalco-bohinj.com\/#\/schema\/logo\/image\/\"}}]}<\/script>\n<!-- \/ Yoast SEO plugin. -->","yoast_head_json":{"title":"Contact | Pod Skalco Bohinj, Rib\u010dev Laz","description":"Contact Pod Skalco in Bohinj or visit us in Rib\u010dev Laz on Lake Bohinj. Check location, opening hours and all information.","robots":{"index":"index","follow":"follow","max-snippet":"max-snippet:-1","max-image-preview":"max-image-preview:large","max-video-preview":"max-video-preview:-1"},"canonical":"https:\/\/www.pod-skalco-bohinj.com\/en\/contact\/","og_locale":"en_US","og_type":"article","og_title":"Kontakt | Pod Skalco Bohinj, Rib\u010dev Laz","og_description":"Kontaktirajte Pod Skalco v Bohinju ali nas obi\u0161\u010dite v Rib\u010devem Lazu ob Bohinjskem jezeru. Preverite lokacijo, delovni \u010das in vse informacije.","og_url":"https:\/\/www.pod-skalco-bohinj.com\/en\/contact\/","og_site_name":"Pod Skalco - Bohinjsko jezero, Rib\u010dev Laz","article_modified_time":"2026-04-16T09:59:41+00:00","og_image":[{"url":"https:\/\/www.pod-skalco-bohinj.com\/wp-content\/uploads\/2026\/03\/bohinj-lake-slovenia-2026-01-07-00-45-21-utc-scaled.jpg","type":"","width":"","height":""}],"twitter_card":"summary_large_image","twitter_misc":{"Est. reading time":"2 minutes"},"schema":{"@context":"https:\/\/schema.org","@graph":[{"@type":"WebPage","@id":"https:\/\/www.pod-skalco-bohinj.com\/kontakt\/","url":"https:\/\/www.pod-skalco-bohinj.com\/kontakt\/","name":"Contact | Pod Skalco Bohinj, Rib\u010dev Laz","isPartOf":{"@id":"https:\/\/www.pod-skalco-bohinj.com\/#website"},"primaryImageOfPage":{"@id":"https:\/\/www.pod-skalco-bohinj.com\/kontakt\/#primaryimage"},"image":{"@id":"https:\/\/www.pod-skalco-bohinj.com\/kontakt\/#primaryimage"},"thumbnailUrl":"https:\/\/www.pod-skalco-bohinj.com\/wp-content\/uploads\/2026\/03\/bohinj-lake-slovenia-2026-01-07-00-45-21-utc-scaled.jpg","datePublished":"2026-04-16T09:27:22+00:00","dateModified":"2026-04-16T09:59:41+00:00","description":"Contact Pod Skalco in Bohinj or visit us in Rib\u010dev Laz on Lake Bohinj. Check location, opening hours and all information.","breadcrumb":{"@id":"https:\/\/www.pod-skalco-bohinj.com\/kontakt\/#breadcrumb"},"inLanguage":"en-US","potentialAction":[{"@type":"ReadAction","target":["https:\/\/www.pod-skalco-bohinj.com\/kontakt\/"]}]},{"@type":"ImageObject","inLanguage":"en-US","@id":"https:\/\/www.pod-skalco-bohinj.com\/kontakt\/#primaryimage","url":"https:\/\/www.pod-skalco-bohinj.com\/wp-content\/uploads\/2026\/03\/bohinj-lake-slovenia-2026-01-07-00-45-21-utc-scaled.jpg","contentUrl":"https:\/\/www.pod-skalco-bohinj.com\/wp-content\/uploads\/2026\/03\/bohinj-lake-slovenia-2026-01-07-00-45-21-utc-scaled.jpg"},{"@type":"BreadcrumbList","@id":"https:\/\/www.pod-skalco-bohinj.com\/kontakt\/#breadcrumb","itemListElement":[{"@type":"ListItem","position":1,"name":"Home","item":"https:\/\/www.pod-skalco-bohinj.com\/"},{"@type":"ListItem","position":2,"name":"Kontakt"}]},{"@type":"WebSite","@id":"https:\/\/www.pod-skalco-bohinj.com\/#website","url":"https:\/\/www.pod-skalco-bohinj.com\/","name":"Pod Skalco - Lake Bohinj, Rib\u010dev Laz","description":"Pod Skalco Guesthouse | Snack bar Pod Brezo | Climbing wall Pod Skalco","publisher":{"@id":"https:\/\/www.pod-skalco-bohinj.com\/#organization"},"potentialAction":[{"@type":"SearchAction","target":{"@type":"EntryPoint","urlTemplate":"https:\/\/www.pod-skalco-bohinj.com\/?s={search_term_string}"},"query-input":{"@type":"PropertyValueSpecification","valueRequired":true,"valueName":"search_term_string"}}],"inLanguage":"en-US"},{"@type":"Organization","@id":"https:\/\/www.pod-skalco-bohinj.com\/#organization","name":"Pod Skalco - Lake Bohinj, Rib\u010dev Laz","url":"https:\/\/www.pod-skalco-bohinj.com\/","logo":{"@type":"ImageObject","inLanguage":"en-US","@id":"https:\/\/www.pod-skalco-bohinj.com\/#\/schema\/logo\/image\/","url":"https:\/\/www.pod-skalco-bohinj.com\/wp-content\/uploads\/2026\/03\/cropped-LOGO-SKALCA-BREZA-2022_page-0001.png","contentUrl":"https:\/\/www.pod-skalco-bohinj.com\/wp-content\/uploads\/2026\/03\/cropped-LOGO-SKALCA-BREZA-2022_page-0001.png","width":512,"height":512,"caption":"Pod Skalco - Bohinjsko jezero, Rib\u010dev Laz"},"image":{"@id":"https:\/\/www.pod-skalco-bohinj.com\/#\/schema\/logo\/image\/"}}]}},"_links":{"self":[{"href":"https:\/\/www.pod-skalco-bohinj.com\/en\/wp-json\/wp\/v2\/pages\/216","targetHints":{"allow":["GET"]}}],"collection":[{"href":"https:\/\/www.pod-skalco-bohinj.com\/en\/wp-json\/wp\/v2\/pages"}],"about":[{"href":"https:\/\/www.pod-skalco-bohinj.com\/en\/wp-json\/wp\/v2\/types\/page"}],"author":[{"embeddable":true,"href":"https:\/\/www.pod-skalco-bohinj.com\/en\/wp-json\/wp\/v2\/users\/1"}],"replies":[{"embeddable":true,"href":"https:\/\/www.pod-skalco-bohinj.com\/en\/wp-json\/wp\/v2\/comments?post=216"}],"version-history":[{"count":4,"href":"https:\/\/www.pod-skalco-bohinj.com\/en\/wp-json\/wp\/v2\/pages\/216\/revisions"}],"predecessor-version":[{"id":220,"href":"https:\/\/www.pod-skalco-bohinj.com\/en\/wp-json\/wp\/v2\/pages\/216\/revisions\/220"}],"wp:attachment":[{"href":"https:\/\/www.pod-skalco-bohinj.com\/en\/wp-json\/wp\/v2\/media?parent=216"}],"curies":[{"name":"wp","href":"https:\/\/api.w.org\/{rel}","templated":true}]}}