{"id":222,"date":"2026-04-16T09:35:36","date_gmt":"2026-04-16T09:35:36","guid":{"rendered":"https:\/\/www.pod-skalco-bohinj.com\/?page_id=222"},"modified":"2026-04-16T10:00:40","modified_gmt":"2026-04-16T10:00:40","slug":"scribbles","status":"publish","type":"page","link":"https:\/\/www.pod-skalco-bohinj.com\/en\/piskotki\/","title":{"rendered":"Cookies"},"content":{"rendered":"<div data-elementor-type=\"wp-page\" data-elementor-id=\"222\" class=\"elementor elementor-222\" data-elementor-post-type=\"page\">\n\t\t\t\t<div class=\"elementor-element elementor-element-783b7aa2 e-flex e-con-boxed e-con e-parent\" data-id=\"783b7aa2\" data-element_type=\"container\" data-e-type=\"container\">\n\t\t\t\t\t<div class=\"e-con-inner\">\n\t\t\t\t<div class=\"elementor-element elementor-element-87a31ea elementor-widget elementor-widget-text-editor\" data-id=\"87a31ea\" data-element_type=\"widget\" data-e-type=\"widget\" data-widget_type=\"text-editor.default\">\n\t\t\t\t\t\t\t\t\t\n<p>We use \u00bbcookies\u00ab to make it easier and more enjoyable for you to use our website. Cookies are small pieces of data that allow us to compare new and previous visitors, to understand how they use our site. They provide us with information that we can use to make future visits to the website more enjoyable and effective. If you do not wish to use cookies, please set your computer to delete all website cookies and\/or warn you before a cookie is stored on disk. If you do not wish to change your use of cookies, simply continue to the website.<\/p>\n\n\n\n<p>The controller of the website and all data related to it is:<\/p>\n\n\n\n<p><strong>Name and surname or Company name: DOMKO, d.o.o.<br \/>Title: <a>Jericho 44<\/a><br \/>Post and location:\u00a0 <strong><a>4264 Bohinjska Bistrica<\/a><\/strong><br \/>Email address: <a href=\"mailto:borut.rozman@amis.net\">borut.rozman@amis.net<\/a><br \/>Contact phone number:<\/strong> <a href=\"tel:041 375563\">041 375563<\/a><\/p>\n\n\n\n<p>For more information about cookies and their impact on\u00a0<a href=\"https:\/\/www.aboutcookies.org\/\">www.aboutcookies.org<\/a>.<\/p>\n\n\n\n<p><strong>THE TYPES OF COOKIES WE USE<\/strong><\/p>\n\n\n\n<figure class=\"wp-block-table\">\n<table class=\"has-fixed-layout\">\n<tbody>\n<tr>\n<td><strong>Cookie name<\/strong><\/td>\n<td><strong>The purpose of<\/strong><\/td>\n<td><strong>Duration<\/strong><\/td>\n<\/tr>\n<tr>\n<td>CookiePreferences<\/td>\n<td>A cookie that stores your consent to use Google services.<\/td>\n<td>Two years.<\/td>\n<\/tr>\n<tr>\n<td>NID<\/td>\n<td>Identifier for Google Settings<\/td>\n<td>10 months.<\/td>\n<\/tr>\n<tr>\n<td>PH_HPXY_CHECK<\/td>\n<td>Cookie important for the website itself, loaded each time the website is visited, lasts 1 session<\/td>\n<td>Until the browser closes.<\/td>\n<\/tr>\n<tr>\n<td>_ga<\/td>\n<td>Statistics of page views<\/td>\n<td>Two years.<\/td>\n<\/tr>\n<tr>\n<td>_gid<\/td>\n<td>Statistics of page views<\/td>\n<td>One day.<\/td>\n<\/tr>\n<tr>\n<td>_gat<\/td>\n<td>Google Analytics cookie. This cookie is used to control the number of Google Analytics requests sent to you. The cookie does not contain any information about the user. The cookie is deleted 10 minutes after installation.<\/td>\n<td>10 minutes.<\/td>\n<\/tr>\n<tr>\n<td>wordpress_logged_in_3054fecbcbdf6e59458543f8aefcff8a<\/td>\n<td>A cookie that remembers the user logged in to the site<\/td>\n<td>Until the browser closes.<\/td>\n<\/tr>\n<tr>\n<td>wordpress_sec_3054fecbcbdf6e59458543f8aefcff8a<\/td>\n<td>Security flag cookie<\/td>\n<td>Until the browser closes.<\/td>\n<\/tr>\n<tr>\n<td>wordpress_test_cookie<\/td>\n<td>A Visual Website Optimizer cookie used to monitor anonymous use of the website for the purposes of redesigning the website template.<\/td>\n<td>Until the browser closes.<\/td>\n<\/tr>\n<tr>\n<td>wp-settings-1<\/td>\n<td>Set to adjust the page view and (admin) interface.<\/td>\n<td>210 minutes since the page was updated.<\/td>\n<\/tr>\n<tr>\n<td>wp-settings-time-1<\/td>\n<td>Set to adjust the page view and (admin) interface.<\/td>\n<td>210 minutes since the page was updated.<\/td>\n<\/tr>\n<\/tbody>\n<\/table>\n<\/figure>\n\n\n\n<p><strong>Mandatory cookies<\/strong>\u00a0These cookies are necessary to move around the website and use its features, such as accessing secure areas of the website. Without these cookies, it is not possible to provide the services you have requested, for example a form for a prize draw, etc.<\/p>\n\n\n\n<p><strong>Performance cookies<\/strong>\u00a0These cookies collect information about how the website is used, for example which pages users visit most often and if error messages appear on the website. These cookies do not collect information that can identify the user. All information collected is aggregated and anonymous. These cookies are only used to improve the performance of the website.<\/p>\n\n\n\n<p>By continuing to use our website after you have received a cookie notice, you agree to us placing this type of cookie on your device.<\/p>\n\n\n\n<p><strong>Functional cookies<\/strong>\u00a0These cookies allow the website to remember your preferences (for example, your username, language or the region where you are located) and offer you enhanced, more personalised options. For example, our website currently offers personalised content based on the topics of articles that the user has marked as favourites. These cookies may also remember changes to font and font size and other parts of the website that you can customise. They are also useful for providing services you have requested, such as watching a video or commenting on a blog. The information collected by these cookies may be anonymous and does not track your browsing on other websites.<\/p>\n\n\n\n<p>By continuing to use our website after you have received a cookie notice, you agree to us placing this type of cookie on your device.<\/p>\n\n\n\n<p><strong>How to manage cookies on your personal computer\u00a0<\/strong>Click to disable Google Analytics Clicking \u201cdisable Google Analytics\u201d will disable analytics for a month.<\/p>\n\n\n\n<p>To enable cookies on our website, please follow the steps below.<\/p>\n\n\n\n<p><strong>Google Chrome<\/strong><\/p>\n\n\n\n<ol class=\"wp-block-list\">\n<li>Click \u00bbTools\u00ab at the top of your browser and select \u00bbSettings\u00ab.<\/li>\n\n\n\n<li>Click \u00bbShow additional settings\u00ab and scroll to the \u00bbPrivacy\u00ab section and click the \u00bbContent settings\u00ab button.<\/li>\n\n\n\n<li>Select \u00bbAllow local data setup\u00ab.<\/li>\n<\/ol>\n\n\n\n<p><strong>Microsoft Internet Explorer 6.0, 7.0, 8.0, 9.0<\/strong><\/p>\n\n\n\n<ol class=\"wp-block-list\">\n<li>Click \u00bbTools\u00ab at the top of your browser and select \u00bbInternet Options\u00ab, then click the \u00bbPrivacy\u00ab tab.<\/li>\n\n\n\n<li>Check if your privacy level is set to medium or lower, which will allow your browser to use cookies.<\/li>\n\n\n\n<li>A setting above the middle level will disable the use of cookies.<\/li>\n<\/ol>\n\n\n\n<p><strong>Mozilla Firefox<\/strong><\/p>\n\n\n\n<ol class=\"wp-block-list\">\n<li>Click \u00bbTools\u00ab at the top of your browser and select \u00bbOptions\u00ab. &gt;<\/li>\n\n\n\n<li>Then select the \u00bbPrivacy\u00ab icon. &gt;<\/li>\n\n\n\n<li>Click on \u00bbCookies\u00ab and select \u00bbAllow sites to create cookies\u00ab.<\/li>\n<\/ol>\n\n\n\n<p><strong>Safari<\/strong><\/p>\n\n\n\n<ol class=\"wp-block-list\">\n<li>Click the gear icon at the top of your browser and select \u00bbSettings\u00ab.<\/li>\n\n\n\n<li>Click \u00bbPrivacy\u00ab, then tick the \u00bbDisable third-party cookies and advertising cookies\u00ab option.<\/li>\n\n\n\n<li>Click \u00bbSave\u00ab.<\/li>\n<\/ol>\n\n\n\n<p><strong>How to manage cookies on your Mac<\/strong>\u00a0To enable cookies on our website, please follow the steps below.<\/p>\n\n\n\n<p><strong>Microsoft Internet Explorer 5.0 on OSX<\/strong><\/p>\n\n\n\n<ol class=\"wp-block-list\">\n<li>Click \u00bbExplorer\u00ab at the top of your browser and select \u00bbSettings\u00ab.<\/li>\n\n\n\n<li>Scroll down to \u00bbCookies\u00ab in the \u00bbInbox\u00ab section.<\/li>\n\n\n\n<li>Select the \u00bbNever ask\u00ab option.<\/li>\n<\/ol>\n\n\n\n<p><strong>Safari on OSX<\/strong><\/p>\n\n\n\n<ol class=\"wp-block-list\">\n<li>Click \u00bbSafari\u00ab at the top of your browser and select \u00bbSettings\u00ab.<\/li>\n\n\n\n<li>Click \u00bbPrivacy\u00ab and then \u00bbAllow cookies\u00ab.<\/li>\n\n\n\n<li>Select \u00bbOnly on visited pages\u00ab.<\/li>\n<\/ol>\n\n\n\n<p><strong>Mozilla and Netscape on OSX<\/strong><\/p>\n\n\n\n<ol class=\"wp-block-list\">\n<li>Click \u00bbMozilla\u00ab or \u00bbNetscape\u00ab at the top of your browser and select \u00bbSettings\u00ab.<\/li>\n\n\n\n<li>Scroll down to \u00bbCookies\u00ab in the \u00bbPrivacy and Security\u00ab section.<\/li>\n\n\n\n<li>Select \u00bbAllow cookies for the source website only\u00ab.<\/li>\n<\/ol>\n\n\n\n<p><strong>Opera<\/strong><\/p>\n\n\n\n<ol class=\"wp-block-list\">\n<li>Click \u00bbMenu\u00ab at the top of your browser and select \u00bbSettings\u00ab.<\/li>\n\n\n\n<li>Then select \u00bbOptions\u00ab and the \u00bbAdvanced\u00ab tab.<\/li>\n\n\n\n<li>Select the \u00bbEnable cookies\u00ab option.<\/li>\n<\/ol>\n\t\t\t\t\t\t\t\t<\/div>\n\t\t\t\t\t<\/div>\n\t\t\t\t<\/div>\n\t\t\t\t<\/div>","protected":false},"excerpt":{"rendered":"<p>Da bi vam olaj\u0161ali uporabo na\u0161e spletne strani in jo naredili bolj prijetno, uporabljamo \u00bbpi\u0161kotke\u00ab. Pi\u0161kotki so majhne podatkovne enote, ki nam omogo\u010dajo primerjavo novih in predhodnih obiskovalcev, razumevanje, kako uporabljajo na\u0161o stran. Posredujejo nam podatke, s katerimi lahko naredimo prihodnji obisk spletne strani bolj prijeten in u\u010dinkovit. \u010ce ne \u017eelite uporabljati pi\u0161kotkov, nastavite svoj [&hellip;]<\/p>\n","protected":false},"author":1,"featured_media":0,"parent":0,"menu_order":0,"comment_status":"closed","ping_status":"closed","template":"","meta":{"footnotes":""},"class_list":["post-222","page","type-page","status-publish","hentry"],"yoast_head":"<!-- This site is optimized with the Yoast SEO plugin v27.2 - https:\/\/yoast.com\/product\/yoast-seo-wordpress\/ -->\n<title>Pi\u0161kotki | Pod Skalco Bohinj, Rib\u010dev Laz<\/title>\n<meta name=\"description\" content=\"Preberite, kako spletna stran Pod Skalco uporablja pi\u0161kotke za bolj\u0161o uporabni\u0161ko izku\u0161njo ter katere podatke zbiramo ob obisku strani.\" \/>\n<meta name=\"robots\" content=\"index, follow, max-snippet:-1, max-image-preview:large, max-video-preview:-1\" \/>\n<link rel=\"canonical\" href=\"https:\/\/www.pod-skalco-bohinj.com\/en\/scribbles\/\" \/>\n<meta property=\"og:locale\" content=\"en_US\" \/>\n<meta property=\"og:type\" content=\"article\" \/>\n<meta property=\"og:title\" content=\"Pi\u0161kotki | Pod Skalco Bohinj, Rib\u010dev Laz\" \/>\n<meta property=\"og:description\" content=\"Preberite, kako spletna stran Pod Skalco uporablja pi\u0161kotke za bolj\u0161o uporabni\u0161ko izku\u0161njo ter katere podatke zbiramo ob obisku strani.\" \/>\n<meta property=\"og:url\" content=\"https:\/\/www.pod-skalco-bohinj.com\/en\/scribbles\/\" \/>\n<meta property=\"og:site_name\" content=\"Pod Skalco - Bohinjsko jezero, Rib\u010dev Laz\" \/>\n<meta property=\"article:modified_time\" content=\"2026-04-16T10:00:40+00:00\" \/>\n<meta name=\"twitter:card\" content=\"summary_large_image\" \/>\n<meta name=\"twitter:label1\" content=\"Est. reading time\" \/>\n\t<meta name=\"twitter:data1\" content=\"5 minutes\" \/>\n<script type=\"application\/ld+json\" class=\"yoast-schema-graph\">{\"@context\":\"https:\/\/schema.org\",\"@graph\":[{\"@type\":\"WebPage\",\"@id\":\"https:\/\/www.pod-skalco-bohinj.com\/piskotki\/\",\"url\":\"https:\/\/www.pod-skalco-bohinj.com\/piskotki\/\",\"name\":\"Pi\u0161kotki | Pod Skalco Bohinj, Rib\u010dev Laz\",\"isPartOf\":{\"@id\":\"https:\/\/www.pod-skalco-bohinj.com\/#website\"},\"datePublished\":\"2026-04-16T09:35:36+00:00\",\"dateModified\":\"2026-04-16T10:00:40+00:00\",\"description\":\"Preberite, kako spletna stran Pod Skalco uporablja pi\u0161kotke za bolj\u0161o uporabni\u0161ko izku\u0161njo ter katere podatke zbiramo ob obisku strani.\",\"breadcrumb\":{\"@id\":\"https:\/\/www.pod-skalco-bohinj.com\/piskotki\/#breadcrumb\"},\"inLanguage\":\"en-US\",\"potentialAction\":[{\"@type\":\"ReadAction\",\"target\":[\"https:\/\/www.pod-skalco-bohinj.com\/piskotki\/\"]}]},{\"@type\":\"BreadcrumbList\",\"@id\":\"https:\/\/www.pod-skalco-bohinj.com\/piskotki\/#breadcrumb\",\"itemListElement\":[{\"@type\":\"ListItem\",\"position\":1,\"name\":\"Home\",\"item\":\"https:\/\/www.pod-skalco-bohinj.com\/\"},{\"@type\":\"ListItem\",\"position\":2,\"name\":\"Pi\u0161kotki\"}]},{\"@type\":\"WebSite\",\"@id\":\"https:\/\/www.pod-skalco-bohinj.com\/#website\",\"url\":\"https:\/\/www.pod-skalco-bohinj.com\/\",\"name\":\"Pod Skalco - Bohinjsko jezero, Rib\u010dev Laz\",\"description\":\"Gosti\u0161\u010de Pod Skalco | Snack bar Pod Brezo | Plezalna stena Pod Skalco\",\"publisher\":{\"@id\":\"https:\/\/www.pod-skalco-bohinj.com\/#organization\"},\"potentialAction\":[{\"@type\":\"SearchAction\",\"target\":{\"@type\":\"EntryPoint\",\"urlTemplate\":\"https:\/\/www.pod-skalco-bohinj.com\/?s={search_term_string}\"},\"query-input\":{\"@type\":\"PropertyValueSpecification\",\"valueRequired\":true,\"valueName\":\"search_term_string\"}}],\"inLanguage\":\"en-US\"},{\"@type\":\"Organization\",\"@id\":\"https:\/\/www.pod-skalco-bohinj.com\/#organization\",\"name\":\"Pod Skalco - Bohinjsko jezero, Rib\u010dev Laz\",\"url\":\"https:\/\/www.pod-skalco-bohinj.com\/\",\"logo\":{\"@type\":\"ImageObject\",\"inLanguage\":\"en-US\",\"@id\":\"https:\/\/www.pod-skalco-bohinj.com\/#\/schema\/logo\/image\/\",\"url\":\"https:\/\/www.pod-skalco-bohinj.com\/wp-content\/uploads\/2026\/03\/cropped-LOGO-SKALCA-BREZA-2022_page-0001.png\",\"contentUrl\":\"https:\/\/www.pod-skalco-bohinj.com\/wp-content\/uploads\/2026\/03\/cropped-LOGO-SKALCA-BREZA-2022_page-0001.png\",\"width\":512,\"height\":512,\"caption\":\"Pod Skalco - Bohinjsko jezero, Rib\u010dev Laz\"},\"image\":{\"@id\":\"https:\/\/www.pod-skalco-bohinj.com\/#\/schema\/logo\/image\/\"}}]}<\/script>\n<!-- \/ Yoast SEO plugin. -->","yoast_head_json":{"title":"Cookies | Pod Skalco Bohinj, Rib\u010dev Laz","description":"Find out how the Pod Skalco website uses cookies to improve your user experience and what information we collect when you visit the site.","robots":{"index":"index","follow":"follow","max-snippet":"max-snippet:-1","max-image-preview":"max-image-preview:large","max-video-preview":"max-video-preview:-1"},"canonical":"https:\/\/www.pod-skalco-bohinj.com\/en\/scribbles\/","og_locale":"en_US","og_type":"article","og_title":"Pi\u0161kotki | Pod Skalco Bohinj, Rib\u010dev Laz","og_description":"Preberite, kako spletna stran Pod Skalco uporablja pi\u0161kotke za bolj\u0161o uporabni\u0161ko izku\u0161njo ter katere podatke zbiramo ob obisku strani.","og_url":"https:\/\/www.pod-skalco-bohinj.com\/en\/scribbles\/","og_site_name":"Pod Skalco - Bohinjsko jezero, Rib\u010dev Laz","article_modified_time":"2026-04-16T10:00:40+00:00","twitter_card":"summary_large_image","twitter_misc":{"Est. reading time":"5 minutes"},"schema":{"@context":"https:\/\/schema.org","@graph":[{"@type":"WebPage","@id":"https:\/\/www.pod-skalco-bohinj.com\/piskotki\/","url":"https:\/\/www.pod-skalco-bohinj.com\/piskotki\/","name":"Cookies | Pod Skalco Bohinj, Rib\u010dev Laz","isPartOf":{"@id":"https:\/\/www.pod-skalco-bohinj.com\/#website"},"datePublished":"2026-04-16T09:35:36+00:00","dateModified":"2026-04-16T10:00:40+00:00","description":"Find out how the Pod Skalco website uses cookies to improve your user experience and what information we collect when you visit the site.","breadcrumb":{"@id":"https:\/\/www.pod-skalco-bohinj.com\/piskotki\/#breadcrumb"},"inLanguage":"en-US","potentialAction":[{"@type":"ReadAction","target":["https:\/\/www.pod-skalco-bohinj.com\/piskotki\/"]}]},{"@type":"BreadcrumbList","@id":"https:\/\/www.pod-skalco-bohinj.com\/piskotki\/#breadcrumb","itemListElement":[{"@type":"ListItem","position":1,"name":"Home","item":"https:\/\/www.pod-skalco-bohinj.com\/"},{"@type":"ListItem","position":2,"name":"Pi\u0161kotki"}]},{"@type":"WebSite","@id":"https:\/\/www.pod-skalco-bohinj.com\/#website","url":"https:\/\/www.pod-skalco-bohinj.com\/","name":"Pod Skalco - Lake Bohinj, Rib\u010dev Laz","description":"Pod Skalco Guesthouse | Snack bar Pod Brezo | Climbing wall Pod Skalco","publisher":{"@id":"https:\/\/www.pod-skalco-bohinj.com\/#organization"},"potentialAction":[{"@type":"SearchAction","target":{"@type":"EntryPoint","urlTemplate":"https:\/\/www.pod-skalco-bohinj.com\/?s={search_term_string}"},"query-input":{"@type":"PropertyValueSpecification","valueRequired":true,"valueName":"search_term_string"}}],"inLanguage":"en-US"},{"@type":"Organization","@id":"https:\/\/www.pod-skalco-bohinj.com\/#organization","name":"Pod Skalco - Lake Bohinj, Rib\u010dev Laz","url":"https:\/\/www.pod-skalco-bohinj.com\/","logo":{"@type":"ImageObject","inLanguage":"en-US","@id":"https:\/\/www.pod-skalco-bohinj.com\/#\/schema\/logo\/image\/","url":"https:\/\/www.pod-skalco-bohinj.com\/wp-content\/uploads\/2026\/03\/cropped-LOGO-SKALCA-BREZA-2022_page-0001.png","contentUrl":"https:\/\/www.pod-skalco-bohinj.com\/wp-content\/uploads\/2026\/03\/cropped-LOGO-SKALCA-BREZA-2022_page-0001.png","width":512,"height":512,"caption":"Pod Skalco - Bohinjsko jezero, Rib\u010dev Laz"},"image":{"@id":"https:\/\/www.pod-skalco-bohinj.com\/#\/schema\/logo\/image\/"}}]}},"_links":{"self":[{"href":"https:\/\/www.pod-skalco-bohinj.com\/en\/wp-json\/wp\/v2\/pages\/222","targetHints":{"allow":["GET"]}}],"collection":[{"href":"https:\/\/www.pod-skalco-bohinj.com\/en\/wp-json\/wp\/v2\/pages"}],"about":[{"href":"https:\/\/www.pod-skalco-bohinj.com\/en\/wp-json\/wp\/v2\/types\/page"}],"author":[{"embeddable":true,"href":"https:\/\/www.pod-skalco-bohinj.com\/en\/wp-json\/wp\/v2\/users\/1"}],"replies":[{"embeddable":true,"href":"https:\/\/www.pod-skalco-bohinj.com\/en\/wp-json\/wp\/v2\/comments?post=222"}],"version-history":[{"count":4,"href":"https:\/\/www.pod-skalco-bohinj.com\/en\/wp-json\/wp\/v2\/pages\/222\/revisions"}],"predecessor-version":[{"id":226,"href":"https:\/\/www.pod-skalco-bohinj.com\/en\/wp-json\/wp\/v2\/pages\/222\/revisions\/226"}],"wp:attachment":[{"href":"https:\/\/www.pod-skalco-bohinj.com\/en\/wp-json\/wp\/v2\/media?parent=222"}],"curies":[{"name":"wp","href":"https:\/\/api.w.org\/{rel}","templated":true}]}}